{"id":8993,"date":"2020-08-28T19:33:49","date_gmt":"2020-08-28T18:33:49","guid":{"rendered":"https:\/\/www.keyade.com\/?page_id=8993"},"modified":"2022-08-31T11:28:20","modified_gmt":"2022-08-31T10:28:20","slug":"media-digital","status":"publish","type":"page","link":"https:\/\/www.keyade.com\/fr\/media-digital\/","title":{"rendered":"Media Digital"},"content":{"rendered":"\n<div class=\"wp-block-cover is-position-center-center ky-block-cover\"><span aria-hidden=\"true\" class=\"wp-block-cover__background has-background-dim-60 has-background-dim\"><\/span><img loading=\"lazy\" decoding=\"async\" width=\"1500\" height=\"1000\" class=\"wp-block-cover__image-background wp-image-9515\" alt=\"\" src=\"https:\/\/www.keyade.com\/fr\/wp-content\/uploads\/2020\/09\/pre-selection-81.jpg\" data-object-fit=\"cover\" srcset=\"https:\/\/www.keyade.com\/fr\/wp-content\/uploads\/2020\/09\/pre-selection-81.jpg 1500w, https:\/\/www.keyade.com\/fr\/wp-content\/uploads\/2020\/09\/pre-selection-81-900x600.jpg 900w, https:\/\/www.keyade.com\/fr\/wp-content\/uploads\/2020\/09\/pre-selection-81-1200x800.jpg 1200w, https:\/\/www.keyade.com\/fr\/wp-content\/uploads\/2020\/09\/pre-selection-81-768x512.jpg 768w\" sizes=\"auto, (max-width: 1500px) 100vw, 1500px\" \/><div class=\"wp-block-cover__inner-container is-layout-flow wp-block-cover-is-layout-flow\">\n<h1 class=\"wp-block-heading\" id=\"ky-cover\">Media Digital<\/h1>\n\n\n\n<p>Conseil strat\u00e9gique et activation media \u00e0 la performance pour relever vos enjeux digitaux<\/p>\n<\/div><\/div>\n\n\n\n<h2 class=\"wp-block-heading\">SEA, SEO &amp; Social Media<\/h2>\n\n\n\n<p>Le digital media est une science qui ne cesse de se complexifier. C\u2019est pourquoi notre premi\u00e8re mission consiste \u00e0 vous apporter des solutions <strong>efficaces<\/strong>, mais avant tout <strong>simples\u00a0<\/strong>pour vous.<\/p>\n\n\n\n<p>Nous concevons vos strat\u00e9gies <strong>SEA<\/strong>, <strong>Social Media<\/strong>&nbsp;et <strong>SEO<\/strong><span style=\"color:#fd5f22\" class=\"has-inline-color\">&nbsp;<\/span>et les activons selon l&rsquo;objectif de performance digitale qui&nbsp;<em>vous<\/em> correspond pour optimiser <strong>l&rsquo;efficacit\u00e9 media<\/strong> de chaque euro que vous investissez.<\/p>\n\n\n\n<figure class=\"wp-block-image size-large\"><img loading=\"lazy\" decoding=\"async\" width=\"1200\" height=\"414\" src=\"https:\/\/www.keyade.com\/fr\/wp-content\/uploads\/2020\/09\/Digital-Media-1b-1200x414.jpg\" alt=\"Strat\u00e9gies &amp; activations digital media\" class=\"wp-image-9511\" srcset=\"https:\/\/www.keyade.com\/fr\/wp-content\/uploads\/2020\/09\/Digital-Media-1b-1200x414.jpg 1200w, https:\/\/www.keyade.com\/fr\/wp-content\/uploads\/2020\/09\/Digital-Media-1b-900x311.jpg 900w, https:\/\/www.keyade.com\/fr\/wp-content\/uploads\/2020\/09\/Digital-Media-1b-768x265.jpg 768w, https:\/\/www.keyade.com\/fr\/wp-content\/uploads\/2020\/09\/Digital-Media-1b-1536x530.jpg 1536w, https:\/\/www.keyade.com\/fr\/wp-content\/uploads\/2020\/09\/Digital-Media-1b.jpg 2000w\" sizes=\"auto, (max-width: 1200px) 100vw, 1200px\" \/><\/figure>\n\n\n\n<h2 class=\"wp-block-heading\">Shopping &amp; Flux<\/h2>\n\n\n\n<p>Le monde vit l\u2019av\u00e8nement du e-commerce et les campagnes SEA et m\u00eame Social Media des retailers reposent de plus en plus sur l\u2019activation des <strong>catalogues produits<\/strong>.<\/p>\n\n\n\n<p class=\"ky-pullquote-orange\">Forts d&rsquo;une puissante culture technologique port\u00e9e par notre <a href=\"https:\/\/www.keyade.com\/fr\/data-innovations\/\">p\u00f4le R&amp;D<\/a>, nous sommes \u00e0 vos c\u00f4t\u00e9s pour concevoir des<strong> strat\u00e9gies Shopping innovantes<\/strong>\u00a0et activer les campagnes produits les plus performantes. Que vous g\u00e9riez des centaines ou des millions de r\u00e9f\u00e9rences, nous aurons toujours les id\u00e9es pour exploiter le potentiel de votre catalogue produits \u00e0 son maximum.<\/p>\n\n\n\n<h2 class=\"wp-block-heading\">Gestion multi-leviers<\/h2>\n\n\n\n<p>Au-del\u00e0 du SEA, SEO et Social Media \u2013 leviers qui concentrent plus de 70% des investissements media online \u2013 nous concevons et activons des <strong>strat\u00e9gies digital media avanc\u00e9es<\/strong> incluant un \u00e9ventail \u00e9largi de leviers :<\/p>\n\n\n<div class=\"wp-bootstrap-blocks-row row ky-list-block\">\n\t\n\n<div class=\"col-12 col-md-6\">\n\t\t\t\n\n<ul class=\"wp-block-list\" id=\"block-c5cec130-e492-4115-8b59-2211f349611f\"><li>Achat programmatique<\/li><li>Content Marketing\u00a0\u2013<strong> <\/strong><em>Outbrain, Taboola\u2026<\/em><\/li><li>Comparateurs de prix\u00a0<\/li><li>Display<\/li><li>Display local\u00a0\u2013 <em>Waze\u2026<\/em><\/li><\/ul>\n\n\t<\/div>\n\n\n\n<div class=\"col-12 col-md-6\">\n\t\t\t\n\n<ul class=\"wp-block-list\" id=\"block-c5cec130-e492-4115-8b59-2211f349611f\"><li>Plateformes d\u2019affiliation<\/li><li>Retargeting\u00a0\u2013 <em>Criteo\u2026<\/em><\/li><li>Social Influence<\/li><li>Synchronisation digital &amp; TV\u00a0\u2013 <em>TVTY\u2026<\/em><\/li><li>VOL\u00a0\u2013 <em>YouTube, Teads\u2026<\/em><\/li><\/ul>\n\n\t<\/div>\n\n<\/div>\n\n\n\n<h2 class=\"wp-block-heading\">International<\/h2>\n\n\n\n<p>Depuis la cr\u00e9ation de notre agence, le volet international est l\u2019un des piliers de notre approche. Nous couvrons <strong>plus de 60 pays<\/strong>&nbsp;dans <strong>35 langues<\/strong>&nbsp;depuis nos bureaux de Paris et de Duba\u00ef.<\/p>\n\n\n\n<p>Pour vous accompagner au-del\u00e0 des fronti\u00e8res, nous avons mis en place une <strong>organisation unique<\/strong>, aussi flexible que solide.&nbsp;Nous avons recrut\u00e9 et int\u00e9gr\u00e9 une vingtaine de <strong>consultants natifs externes<\/strong>, enti\u00e8rement form\u00e9s aux sp\u00e9cificit\u00e9s de nos m\u00e9tiers. Ils assistent les consultants Keyade au sein d\u2019<em>office hours<\/em>&nbsp;d\u00e9di\u00e9es pour une <strong>adaptation compl\u00e8te des campagnes internationales aux pratiques et enjeux locaux<\/strong>&nbsp;de chaque march\u00e9.<\/p>\n\n\n\n<h2 class=\"wp-block-heading\">Sp\u00e9cialistes certifi\u00e9s<\/h2>\n\n\n\n<p>Les consultants Keyade sont <strong>certifi\u00e9s<\/strong><span style=\"color:#fd5f22\" class=\"has-inline-color\">&nbsp;<\/span>sur l\u2019ensemble des r\u00e9gies sur lesquelles nous op\u00e9rons&nbsp;et notre agence est <strong>accr\u00e9dit\u00e9e<\/strong> par nos partenaires.<\/p>\n\n\n<div class=\"wp-bootstrap-blocks-row row\">\n\t\n\n<div class=\"col-6 col-md-4 col-lg-3\">\n\t\t\t\n\n<figure class=\"wp-block-image size-large\"><img loading=\"lazy\" decoding=\"async\" width=\"400\" height=\"240\" src=\"https:\/\/www.keyade.com\/fr\/wp-content\/uploads\/2020\/09\/certif-google-ads-search.jpg\" alt=\"Media Digital - Google Ads Search\" class=\"wp-image-9707\"\/><\/figure>\n\n\t<\/div>\n\n\n\n<div class=\"col-6 col-md-4 col-lg-3\">\n\t\t\t\n\n<figure class=\"wp-block-image size-large\"><img loading=\"lazy\" decoding=\"async\" width=\"400\" height=\"240\" src=\"https:\/\/www.keyade.com\/fr\/wp-content\/uploads\/2020\/09\/certif-google-ads-display-1.jpg\" alt=\"Media Digital - Google Ads Display\" class=\"wp-image-9711\"\/><\/figure>\n\n\t<\/div>\n\n\n\n<div class=\"col-6 col-md-4 col-lg-3\">\n\t\t\t\n\n<figure class=\"wp-block-image size-large\"><img loading=\"lazy\" decoding=\"async\" width=\"400\" height=\"240\" src=\"https:\/\/www.keyade.com\/fr\/wp-content\/uploads\/2020\/09\/certif-google-ads-shopping.jpg\" alt=\"Media Digital - Google Ads Shopping\" class=\"wp-image-9713\"\/><\/figure>\n\n\t<\/div>\n\n\n\n<div class=\"col-6 col-md-4 col-lg-3\">\n\t\t\t\n\n<figure class=\"wp-block-image size-large\"><img loading=\"lazy\" decoding=\"async\" width=\"400\" height=\"240\" src=\"https:\/\/www.keyade.com\/fr\/wp-content\/uploads\/2020\/09\/certif-search-ads-360-1.jpg\" alt=\"Media Digital - Search Ads 360\" class=\"wp-image-9717\"\/><\/figure>\n\n\t<\/div>\n\n\n\n<div class=\"col-6 col-md-4 col-lg-3\">\n\t\t\t\n\n<figure class=\"wp-block-image size-large\"><img loading=\"lazy\" decoding=\"async\" width=\"400\" height=\"240\" src=\"https:\/\/www.keyade.com\/fr\/wp-content\/uploads\/2020\/09\/certif-google-analytics2.jpg\" alt=\"Google Analytics\" class=\"wp-image-9721\"\/><\/figure>\n\n\t<\/div>\n\n\n\n<div class=\"col-6 col-md-4 col-lg-3\">\n\t\t\t\n\n<figure class=\"wp-block-image size-large\"><img loading=\"lazy\" decoding=\"async\" width=\"400\" height=\"240\" src=\"https:\/\/www.keyade.com\/fr\/wp-content\/uploads\/2020\/09\/certif-bing-professionals-1.jpg\" alt=\"Bing Ads\" class=\"wp-image-9731\"\/><\/figure>\n\n\t<\/div>\n\n\n\n<div class=\"col-6 col-md-4 col-lg-3\">\n\t\t\t\n\n<figure class=\"wp-block-image size-full\"><img loading=\"lazy\" decoding=\"async\" width=\"400\" height=\"240\" src=\"https:\/\/www.keyade.com\/fr\/wp-content\/uploads\/2020\/09\/certif-apple-ads-partner-1.jpg\" alt=\"\" class=\"wp-image-9735\"\/><\/figure>\n\n\t<\/div>\n\n\n\n<div class=\"col-6 col-md-4 col-lg-3\">\n\t\t\t\t<\/div>\n\n\n\n<div class=\"col-6 col-md-4 col-lg-3\">\n\t\t\t\t<\/div>\n\n<\/div>\n","protected":false},"excerpt":{"rendered":"<p>SEA, SEO &amp; Social Media Le digital media est une science qui ne cesse de se complexifier. C\u2019est pourquoi notre premi\u00e8re mission consiste \u00e0 vous apporter des solutions efficaces, mais avant tout simples\u00a0pour vous. Nous concevons vos strat\u00e9gies SEA, Social Media&nbsp;et SEO&nbsp;et les activons selon l&rsquo;objectif de performance digitale qui&nbsp;vous correspond pour optimiser l&rsquo;efficacit\u00e9 media [&hellip;]<\/p>\n","protected":false},"author":1,"featured_media":0,"parent":0,"menu_order":0,"comment_status":"closed","ping_status":"closed","template":"","meta":{"footnotes":""},"class_list":["post-8993","page","type-page","status-publish","hentry"],"yoast_head":"<!-- This site is optimized with the Yoast SEO plugin v27.5 - https:\/\/yoast.com\/product\/yoast-seo-wordpress\/ -->\n<title>Media Digital : SEA, SEO &amp; Social Media | Keyade<\/title>\n<meta name=\"description\" content=\"Des strat\u00e9gies digital media SEA, SEO &amp; Social Media innovantes, activ\u00e9es selon les objectifs de performance digitale qui vous correspondent.\" \/>\n<meta name=\"robots\" content=\"index, follow, max-snippet:-1, max-image-preview:large, max-video-preview:-1\" \/>\n<link rel=\"canonical\" href=\"https:\/\/www.keyade.com\/fr\/media-digital\/\" \/>\n<meta property=\"og:locale\" content=\"fr_FR\" \/>\n<meta property=\"og:type\" content=\"article\" \/>\n<meta property=\"og:title\" content=\"Media Digital : SEA, SEO &amp; Social Media | Keyade\" \/>\n<meta property=\"og:description\" content=\"Des strat\u00e9gies digital media SEA, SEO &amp; Social Media innovantes, activ\u00e9es selon les objectifs de performance digitale qui vous correspondent.\" \/>\n<meta property=\"og:url\" content=\"https:\/\/www.keyade.com\/fr\/media-digital\/\" \/>\n<meta property=\"og:site_name\" content=\"Keyade\" \/>\n<meta property=\"article:publisher\" content=\"https:\/\/www.facebook.com\/keyade\/\" \/>\n<meta property=\"article:modified_time\" content=\"2022-08-31T10:28:20+00:00\" \/>\n<meta property=\"og:image\" content=\"https:\/\/www.keyade.com\/fr\/wp-content\/uploads\/2020\/09\/pre-selection-81.jpg\" \/>\n<meta name=\"twitter:card\" content=\"summary_large_image\" \/>\n<meta name=\"twitter:site\" content=\"@Keyade\" \/>\n<meta name=\"twitter:label1\" content=\"Dur\u00e9e de lecture estim\u00e9e\" \/>\n\t<meta name=\"twitter:data1\" content=\"4 minutes\" \/>\n<script type=\"application\/ld+json\" class=\"yoast-schema-graph\">{\"@context\":\"https:\\\/\\\/schema.org\",\"@graph\":[{\"@type\":\"WebPage\",\"@id\":\"https:\\\/\\\/www.keyade.com\\\/fr\\\/media-digital\\\/\",\"url\":\"https:\\\/\\\/www.keyade.com\\\/fr\\\/media-digital\\\/\",\"name\":\"Media Digital : SEA, SEO & Social Media | Keyade\",\"isPartOf\":{\"@id\":\"https:\\\/\\\/www.keyade.com\\\/fr\\\/#website\"},\"primaryImageOfPage\":{\"@id\":\"https:\\\/\\\/www.keyade.com\\\/fr\\\/media-digital\\\/#primaryimage\"},\"image\":{\"@id\":\"https:\\\/\\\/www.keyade.com\\\/fr\\\/media-digital\\\/#primaryimage\"},\"thumbnailUrl\":\"https:\\\/\\\/www.keyade.com\\\/fr\\\/wp-content\\\/uploads\\\/2020\\\/09\\\/pre-selection-81.jpg\",\"datePublished\":\"2020-08-28T18:33:49+00:00\",\"dateModified\":\"2022-08-31T10:28:20+00:00\",\"description\":\"Des strat\u00e9gies digital media SEA, SEO & Social Media innovantes, activ\u00e9es selon les objectifs de performance digitale qui vous correspondent.\",\"breadcrumb\":{\"@id\":\"https:\\\/\\\/www.keyade.com\\\/fr\\\/media-digital\\\/#breadcrumb\"},\"inLanguage\":\"fr-FR\",\"potentialAction\":[{\"@type\":\"ReadAction\",\"target\":[\"https:\\\/\\\/www.keyade.com\\\/fr\\\/media-digital\\\/\"]}]},{\"@type\":\"ImageObject\",\"inLanguage\":\"fr-FR\",\"@id\":\"https:\\\/\\\/www.keyade.com\\\/fr\\\/media-digital\\\/#primaryimage\",\"url\":\"https:\\\/\\\/www.keyade.com\\\/fr\\\/wp-content\\\/uploads\\\/2020\\\/09\\\/pre-selection-81.jpg\",\"contentUrl\":\"https:\\\/\\\/www.keyade.com\\\/fr\\\/wp-content\\\/uploads\\\/2020\\\/09\\\/pre-selection-81.jpg\",\"width\":1500,\"height\":1000},{\"@type\":\"BreadcrumbList\",\"@id\":\"https:\\\/\\\/www.keyade.com\\\/fr\\\/media-digital\\\/#breadcrumb\",\"itemListElement\":[{\"@type\":\"ListItem\",\"position\":1,\"name\":\"Accueil\",\"item\":\"https:\\\/\\\/www.keyade.com\\\/fr\\\/\"},{\"@type\":\"ListItem\",\"position\":2,\"name\":\"Media Digital\"}]},{\"@type\":\"WebSite\",\"@id\":\"https:\\\/\\\/www.keyade.com\\\/fr\\\/#website\",\"url\":\"https:\\\/\\\/www.keyade.com\\\/fr\\\/\",\"name\":\"Keyade\",\"description\":\"Agence Conseil en Performance Digitale\",\"publisher\":{\"@id\":\"https:\\\/\\\/www.keyade.com\\\/fr\\\/#organization\"},\"potentialAction\":[{\"@type\":\"SearchAction\",\"target\":{\"@type\":\"EntryPoint\",\"urlTemplate\":\"https:\\\/\\\/www.keyade.com\\\/fr\\\/?s={search_term_string}\"},\"query-input\":{\"@type\":\"PropertyValueSpecification\",\"valueRequired\":true,\"valueName\":\"search_term_string\"}}],\"inLanguage\":\"fr-FR\"},{\"@type\":\"Organization\",\"@id\":\"https:\\\/\\\/www.keyade.com\\\/fr\\\/#organization\",\"name\":\"Keyade\",\"url\":\"https:\\\/\\\/www.keyade.com\\\/fr\\\/\",\"logo\":{\"@type\":\"ImageObject\",\"inLanguage\":\"fr-FR\",\"@id\":\"https:\\\/\\\/www.keyade.com\\\/fr\\\/#\\\/schema\\\/logo\\\/image\\\/\",\"url\":\"https:\\\/\\\/www.keyade.com\\\/fr\\\/wp-content\\\/uploads\\\/2020\\\/09\\\/logo-keyade-u-533x100-1.png\",\"contentUrl\":\"https:\\\/\\\/www.keyade.com\\\/fr\\\/wp-content\\\/uploads\\\/2020\\\/09\\\/logo-keyade-u-533x100-1.png\",\"width\":533,\"height\":100,\"caption\":\"Keyade\"},\"image\":{\"@id\":\"https:\\\/\\\/www.keyade.com\\\/fr\\\/#\\\/schema\\\/logo\\\/image\\\/\"},\"sameAs\":[\"https:\\\/\\\/www.facebook.com\\\/keyade\\\/\",\"https:\\\/\\\/x.com\\\/Keyade\",\"https:\\\/\\\/www.instagram.com\\\/keyade\\\/\",\"https:\\\/\\\/www.linkedin.com\\\/company\\\/keyade\"]}]}<\/script>\n<!-- \/ Yoast SEO plugin. -->","yoast_head_json":{"title":"Media Digital : SEA, SEO & Social Media | Keyade","description":"Des strat\u00e9gies digital media SEA, SEO & Social Media innovantes, activ\u00e9es selon les objectifs de performance digitale qui vous correspondent.","robots":{"index":"index","follow":"follow","max-snippet":"max-snippet:-1","max-image-preview":"max-image-preview:large","max-video-preview":"max-video-preview:-1"},"canonical":"https:\/\/www.keyade.com\/fr\/media-digital\/","og_locale":"fr_FR","og_type":"article","og_title":"Media Digital : SEA, SEO & Social Media | Keyade","og_description":"Des strat\u00e9gies digital media SEA, SEO & Social Media innovantes, activ\u00e9es selon les objectifs de performance digitale qui vous correspondent.","og_url":"https:\/\/www.keyade.com\/fr\/media-digital\/","og_site_name":"Keyade","article_publisher":"https:\/\/www.facebook.com\/keyade\/","article_modified_time":"2022-08-31T10:28:20+00:00","og_image":[{"url":"https:\/\/www.keyade.com\/fr\/wp-content\/uploads\/2020\/09\/pre-selection-81.jpg","type":"","width":"","height":""}],"twitter_card":"summary_large_image","twitter_site":"@Keyade","twitter_misc":{"Dur\u00e9e de lecture estim\u00e9e":"4 minutes"},"schema":{"@context":"https:\/\/schema.org","@graph":[{"@type":"WebPage","@id":"https:\/\/www.keyade.com\/fr\/media-digital\/","url":"https:\/\/www.keyade.com\/fr\/media-digital\/","name":"Media Digital : SEA, SEO & Social Media | Keyade","isPartOf":{"@id":"https:\/\/www.keyade.com\/fr\/#website"},"primaryImageOfPage":{"@id":"https:\/\/www.keyade.com\/fr\/media-digital\/#primaryimage"},"image":{"@id":"https:\/\/www.keyade.com\/fr\/media-digital\/#primaryimage"},"thumbnailUrl":"https:\/\/www.keyade.com\/fr\/wp-content\/uploads\/2020\/09\/pre-selection-81.jpg","datePublished":"2020-08-28T18:33:49+00:00","dateModified":"2022-08-31T10:28:20+00:00","description":"Des strat\u00e9gies digital media SEA, SEO & Social Media innovantes, activ\u00e9es selon les objectifs de performance digitale qui vous correspondent.","breadcrumb":{"@id":"https:\/\/www.keyade.com\/fr\/media-digital\/#breadcrumb"},"inLanguage":"fr-FR","potentialAction":[{"@type":"ReadAction","target":["https:\/\/www.keyade.com\/fr\/media-digital\/"]}]},{"@type":"ImageObject","inLanguage":"fr-FR","@id":"https:\/\/www.keyade.com\/fr\/media-digital\/#primaryimage","url":"https:\/\/www.keyade.com\/fr\/wp-content\/uploads\/2020\/09\/pre-selection-81.jpg","contentUrl":"https:\/\/www.keyade.com\/fr\/wp-content\/uploads\/2020\/09\/pre-selection-81.jpg","width":1500,"height":1000},{"@type":"BreadcrumbList","@id":"https:\/\/www.keyade.com\/fr\/media-digital\/#breadcrumb","itemListElement":[{"@type":"ListItem","position":1,"name":"Accueil","item":"https:\/\/www.keyade.com\/fr\/"},{"@type":"ListItem","position":2,"name":"Media Digital"}]},{"@type":"WebSite","@id":"https:\/\/www.keyade.com\/fr\/#website","url":"https:\/\/www.keyade.com\/fr\/","name":"Keyade","description":"Agence Conseil en Performance Digitale","publisher":{"@id":"https:\/\/www.keyade.com\/fr\/#organization"},"potentialAction":[{"@type":"SearchAction","target":{"@type":"EntryPoint","urlTemplate":"https:\/\/www.keyade.com\/fr\/?s={search_term_string}"},"query-input":{"@type":"PropertyValueSpecification","valueRequired":true,"valueName":"search_term_string"}}],"inLanguage":"fr-FR"},{"@type":"Organization","@id":"https:\/\/www.keyade.com\/fr\/#organization","name":"Keyade","url":"https:\/\/www.keyade.com\/fr\/","logo":{"@type":"ImageObject","inLanguage":"fr-FR","@id":"https:\/\/www.keyade.com\/fr\/#\/schema\/logo\/image\/","url":"https:\/\/www.keyade.com\/fr\/wp-content\/uploads\/2020\/09\/logo-keyade-u-533x100-1.png","contentUrl":"https:\/\/www.keyade.com\/fr\/wp-content\/uploads\/2020\/09\/logo-keyade-u-533x100-1.png","width":533,"height":100,"caption":"Keyade"},"image":{"@id":"https:\/\/www.keyade.com\/fr\/#\/schema\/logo\/image\/"},"sameAs":["https:\/\/www.facebook.com\/keyade\/","https:\/\/x.com\/Keyade","https:\/\/www.instagram.com\/keyade\/","https:\/\/www.linkedin.com\/company\/keyade"]}]}},"_links":{"self":[{"href":"https:\/\/www.keyade.com\/fr\/wp-json\/wp\/v2\/pages\/8993","targetHints":{"allow":["GET"]}}],"collection":[{"href":"https:\/\/www.keyade.com\/fr\/wp-json\/wp\/v2\/pages"}],"about":[{"href":"https:\/\/www.keyade.com\/fr\/wp-json\/wp\/v2\/types\/page"}],"author":[{"embeddable":true,"href":"https:\/\/www.keyade.com\/fr\/wp-json\/wp\/v2\/users\/1"}],"replies":[{"embeddable":true,"href":"https:\/\/www.keyade.com\/fr\/wp-json\/wp\/v2\/comments?post=8993"}],"version-history":[{"count":74,"href":"https:\/\/www.keyade.com\/fr\/wp-json\/wp\/v2\/pages\/8993\/revisions"}],"predecessor-version":[{"id":12879,"href":"https:\/\/www.keyade.com\/fr\/wp-json\/wp\/v2\/pages\/8993\/revisions\/12879"}],"wp:attachment":[{"href":"https:\/\/www.keyade.com\/fr\/wp-json\/wp\/v2\/media?parent=8993"}],"curies":[{"name":"wp","href":"https:\/\/api.w.org\/{rel}","templated":true}]}}