{"id":8989,"date":"2020-08-28T19:33:29","date_gmt":"2020-08-28T18:33:29","guid":{"rendered":"https:\/\/www.keyade.com\/?page_id=8989"},"modified":"2023-08-02T17:25:32","modified_gmt":"2023-08-02T15:25:32","slug":"home-2","status":"publish","type":"page","link":"https:\/\/www.keyade.com\/fr\/","title":{"rendered":"Home"},"content":{"rendered":"\n<div class=\"wp-block-group header\"><div class=\"wp-block-group__inner-container is-layout-flow wp-block-group-is-layout-flow\">\n<figure class=\"wp-block-image size-large\"><img loading=\"lazy\" decoding=\"async\" width=\"590\" height=\"430\" src=\"https:\/\/www.keyade.com\/fr\/wp-content\/uploads\/2020\/09\/Home-Page-1.jpg\" alt=\"\" class=\"wp-image-9507\"\/><\/figure>\n\n\n\n<h1 class=\"wp-block-heading\">La performance est <em>humaine<\/em><\/h1>\n<\/div><\/div>\n\n\n\n<p class=\"block-header\">Nos savoir-faire<\/p>\n\n\n\n<h2 class=\"wp-block-heading block-title\">Agence conseil en performance digitale<\/h2>\n\n\n<div class=\"wp-bootstrap-blocks-container container mb-2 knowhows\">\n\t\n<div class=\"wp-bootstrap-blocks-row row\">\n\t\n\n<div class=\"col-12 col-md-6 knowhow-media\">\n\t\t\t\n\n<h2 class=\"wp-block-heading\">Media digital<\/h2>\n\n\n\n<p>Conseil strat\u00e9gique et activation media \u00e0 la performance pour relever vos enjeux digitaux<\/p>\n\n\n\n<div class=\"wp-block-buttons ky_btn_blocks is-layout-flex wp-block-buttons-is-layout-flex\">\n<div class=\"wp-block-button ky_btn ky_btn_rounded ky_btn_over_blue_rounded\"><a class=\"wp-block-button__link wp-element-button\" href=\"https:\/\/www.keyade.com\/media-digital\">En savoir plus<\/a><\/div>\n<\/div>\n\n\t<\/div>\n\n\n\n<div class=\"col-12 col-md-6 knowhow-rd\">\n\t\t\t\n\n<h2 class=\"wp-block-heading\">Data &amp; Innovations<\/h2>\n\n\n\n<p>Solutions, Technologies et R&amp;D au service de la transformation digitale<\/p>\n\n\n\n<div class=\"wp-block-buttons ky_btn_blocks is-layout-flex wp-block-buttons-is-layout-flex\">\n<div class=\"wp-block-button ky_btn ky_btn_rounded ky_btn_over_orange_rounded\"><a class=\"wp-block-button__link wp-element-button\" href=\"https:\/\/www.keyade.com\/fr\/data-innovations\/\">En savoir plus<\/a><\/div>\n<\/div>\n\n\t<\/div>\n\n<\/div>\n\n<\/div>\n\n\n\n<p class=\"block-header\" id=\"clients\">Nos r\u00e9f\u00e9rences<\/p>\n\n\n\n<h2 class=\"wp-block-heading block-title\">Ils nous font confiance<\/h2>\n\n\n<div class=\"wp-bootstrap-blocks-container container-fluid mb-2 references\">\n\t\n<div class=\"wp-bootstrap-blocks-row row\">\n\t\n\n<div class=\"col-12 col-md-6 quote\">\n\t\t\t\n\n<div class=\"wp-block-group ky-quote-random\"><div class=\"wp-block-group__inner-container is-layout-flow wp-block-group-is-layout-flow\">\n<p class=\"quote-text\"><em><em>La performance a tr\u00e8s vite \u00e9t\u00e9 au rendez-vous avec une augmentation significative de nos conversions et une baisse du co\u00fbt de nos leads. Les \u00e9changes quotidiens sont toujours de qualit\u00e9 et les sp\u00e9cialistes Keyade font toujours preuve de proactivit\u00e9 pour optimiser nos campagnes. J\u2019appr\u00e9cie aussi particuli\u00e8rement leurs conseils sur les innovations du moment et la diffusion de contenus \u00e0 forte valeur ajout\u00e9e !<\/em><\/em><\/p>\n\n\n\n<p class=\"quote-author\">Antoine Wintrebert,<\/p>\n\n\n\n<p class=\"quote-title\" id=\"block-dd1d9070-7592-4e40-aaf0-49349bad6148\">Responsable Marketing Digital chez Macif<\/p>\n<\/div><\/div>\n\n\n\n<div class=\"wp-block-group ky-quote-random\"><div class=\"wp-block-group__inner-container is-layout-flow wp-block-group-is-layout-flow\">\n<p class=\"quote-text\"><em>Ces derni\u00e8res ann\u00e9es, les \u00e9quipes Keyade ont su nous accompagner sur l\u2019acculturation du levier SEA en interne et ont su \u00e9galement se muscler sur les comp\u00e9tences \/ ressources BI et data pour r\u00e9pondre \u00e0 notre volont\u00e9 d\u2019aller toujours plus loin dans notre pilotage data-driven des campagnes SEA.<\/em><\/p>\n\n\n\n<p class=\"quote-author\">Thomas D\u00e9jardin<\/p>\n\n\n\n<p class=\"quote-title\">Head of Traffic &amp; Media &amp; CRM chez La Redoute<\/p>\n<\/div><\/div>\n\n\n\n<div class=\"wp-block-group ky-quote-random\"><div class=\"wp-block-group__inner-container is-layout-flow wp-block-group-is-layout-flow\">\n<p class=\"quote-text\"><em>Nous appr\u00e9cions l\u2019expertise et la connaissance technique des \u00e9quipes, mais aussi et surtout la qualit\u00e9 du conseil et de la relation Keyade, qui nous permet d\u2019obtenir d\u2019excellents r\u00e9sultats gr\u00e2ce \u00e0 une roadmap structur\u00e9e, pragmatique et efficace : un \u00e9l\u00e9ment cl\u00e9 pour la r\u00e9ussite de notre entreprise sur le march\u00e9 tr\u00e8s concurrentiel du transport a\u00e9rien low-cost.<\/em><\/p>\n\n\n\n<p class=\"quote-author\">C\u00e9cile Nomdedeu,<\/p>\n\n\n\n<p class=\"quote-title\" id=\"block-dd1d9070-7592-4e40-aaf0-49349bad6148\">Responsable Marketing, Communication &amp; Digital chez Transavia<\/p>\n<\/div><\/div>\n\n\n\n<div class=\"wp-block-group ky-quote-random\"><div class=\"wp-block-group__inner-container is-layout-flow wp-block-group-is-layout-flow\">\n<p class=\"quote-text\"><em>La performance a tr\u00e8s vite \u00e9t\u00e9 au rendez-vous avec une augmentation significative de nos conversions et une baisse du co\u00fbt de nos leads. Les \u00e9changes quotidiens sont toujours de qualit\u00e9 et les sp\u00e9cialistes Keyade font toujours preuve de proactivit\u00e9 pour optimiser nos campagnes. J\u2019appr\u00e9cie aussi particuli\u00e8rement leurs conseils sur les innovations du moment et la diffusion de contenus \u00e0 forte valeur ajout\u00e9e !<\/em><\/p>\n\n\n\n<p class=\"quote-author\">Antoine Wintrebert,<\/p>\n\n\n\n<p class=\"quote-title\" id=\"block-dd1d9070-7592-4e40-aaf0-49349bad6148\">Responsable Marketing Digital chez Macif<\/p>\n<\/div><\/div>\n\n\t<\/div>\n\n\n\n<div class=\"col-12 col-md-6 logos\">\n\t\t\t\n\n<figure class=\"wp-block-image size-large\"><img loading=\"lazy\" decoding=\"async\" width=\"400\" height=\"240\" src=\"https:\/\/www.keyade.com\/fr\/wp-content\/uploads\/2020\/09\/la-redoute-2.jpg\" alt=\"\" class=\"wp-image-9627\"\/><\/figure>\n\n\n\n<figure class=\"wp-block-image size-large\"><img loading=\"lazy\" decoding=\"async\" width=\"1200\" height=\"283\" src=\"https:\/\/www.keyade.com\/fr\/wp-content\/uploads\/2023\/08\/jules-1200x283.png\" alt=\"\" class=\"wp-image-14515\" srcset=\"https:\/\/www.keyade.com\/fr\/wp-content\/uploads\/2023\/08\/jules-1200x283.png 1200w, https:\/\/www.keyade.com\/fr\/wp-content\/uploads\/2023\/08\/jules-900x213.png 900w, https:\/\/www.keyade.com\/fr\/wp-content\/uploads\/2023\/08\/jules-768x181.png 768w, https:\/\/www.keyade.com\/fr\/wp-content\/uploads\/2023\/08\/jules-1536x363.png 1536w, https:\/\/www.keyade.com\/fr\/wp-content\/uploads\/2023\/08\/jules-2048x484.png 2048w\" sizes=\"auto, (max-width: 1200px) 100vw, 1200px\" \/><\/figure>\n\n\n\n<figure class=\"wp-block-image size-large\"><img loading=\"lazy\" decoding=\"async\" width=\"400\" height=\"240\" src=\"https:\/\/www.keyade.com\/fr\/wp-content\/uploads\/2020\/09\/richemont.jpg\" alt=\"\" class=\"wp-image-9639\"\/><\/figure>\n\n\n\n<figure class=\"wp-block-image size-large\"><img loading=\"lazy\" decoding=\"async\" width=\"1200\" height=\"574\" src=\"https:\/\/www.keyade.com\/fr\/wp-content\/uploads\/2023\/08\/lacoste-1200x574.png\" alt=\"\" class=\"wp-image-14521\" srcset=\"https:\/\/www.keyade.com\/fr\/wp-content\/uploads\/2023\/08\/lacoste-1200x574.png 1200w, https:\/\/www.keyade.com\/fr\/wp-content\/uploads\/2023\/08\/lacoste-900x430.png 900w, https:\/\/www.keyade.com\/fr\/wp-content\/uploads\/2023\/08\/lacoste-768x367.png 768w, https:\/\/www.keyade.com\/fr\/wp-content\/uploads\/2023\/08\/lacoste-1536x735.png 1536w, https:\/\/www.keyade.com\/fr\/wp-content\/uploads\/2023\/08\/lacoste-2048x979.png 2048w\" sizes=\"auto, (max-width: 1200px) 100vw, 1200px\" \/><\/figure>\n\n\n\n<figure class=\"wp-block-image size-large\"><img loading=\"lazy\" decoding=\"async\" width=\"1200\" height=\"450\" src=\"https:\/\/www.keyade.com\/fr\/wp-content\/uploads\/2023\/08\/ford-1200x450.png\" alt=\"Logo de Ford\" class=\"wp-image-14511\" srcset=\"https:\/\/www.keyade.com\/fr\/wp-content\/uploads\/2023\/08\/ford-1200x450.png 1200w, https:\/\/www.keyade.com\/fr\/wp-content\/uploads\/2023\/08\/ford-900x337.png 900w, https:\/\/www.keyade.com\/fr\/wp-content\/uploads\/2023\/08\/ford-768x288.png 768w, https:\/\/www.keyade.com\/fr\/wp-content\/uploads\/2023\/08\/ford-1536x576.png 1536w, https:\/\/www.keyade.com\/fr\/wp-content\/uploads\/2023\/08\/ford.png 1579w\" sizes=\"auto, (max-width: 1200px) 100vw, 1200px\" \/><\/figure>\n\n\n\n<figure class=\"wp-block-image size-large\"><img loading=\"lazy\" decoding=\"async\" width=\"400\" height=\"240\" src=\"https:\/\/www.keyade.com\/fr\/wp-content\/uploads\/2020\/09\/allianz.jpg\" alt=\"\" class=\"wp-image-9691\"\/><\/figure>\n\n\n\n<figure class=\"wp-block-image size-large\"><img loading=\"lazy\" decoding=\"async\" width=\"400\" height=\"240\" src=\"https:\/\/www.keyade.com\/fr\/wp-content\/uploads\/2020\/09\/boulanger.jpg\" alt=\"\" class=\"wp-image-9647\"\/><\/figure>\n\n\n\n<figure class=\"wp-block-image size-large\"><img loading=\"lazy\" decoding=\"async\" width=\"400\" height=\"240\" src=\"https:\/\/www.keyade.com\/fr\/wp-content\/uploads\/2020\/09\/norauto.jpg\" alt=\"\" class=\"wp-image-9657\"\/><\/figure>\n\n\n\n<figure class=\"wp-block-image size-large\"><img loading=\"lazy\" decoding=\"async\" width=\"400\" height=\"240\" src=\"https:\/\/www.keyade.com\/fr\/wp-content\/uploads\/2020\/09\/openclassrooms.jpg\" alt=\"\" class=\"wp-image-9659\"\/><\/figure>\n\n\n\n<figure class=\"wp-block-image size-large\"><img loading=\"lazy\" decoding=\"async\" width=\"400\" height=\"240\" src=\"https:\/\/www.keyade.com\/fr\/wp-content\/uploads\/2020\/09\/cocooncenter.jpg\" alt=\"\" class=\"wp-image-9675\"\/><\/figure>\n\n\n\n<figure class=\"wp-block-image size-large\"><img loading=\"lazy\" decoding=\"async\" width=\"400\" height=\"240\" src=\"https:\/\/www.keyade.com\/fr\/wp-content\/uploads\/2020\/09\/nature-et-decouvertes.jpg\" alt=\"\" class=\"wp-image-9679\"\/><\/figure>\n\n\n\n<figure class=\"wp-block-image size-large\"><img loading=\"lazy\" decoding=\"async\" width=\"400\" height=\"240\" src=\"https:\/\/www.keyade.com\/fr\/wp-content\/uploads\/2020\/09\/macif.jpg\" alt=\"\" class=\"wp-image-9671\"\/><\/figure>\n\n\n\n<figure class=\"wp-block-image size-full\"><img loading=\"lazy\" decoding=\"async\" width=\"1200\" height=\"582\" src=\"https:\/\/www.keyade.com\/fr\/wp-content\/uploads\/2023\/08\/Courir_logo.svg_.png\" alt=\"\" class=\"wp-image-14517\" srcset=\"https:\/\/www.keyade.com\/fr\/wp-content\/uploads\/2023\/08\/Courir_logo.svg_.png 1200w, https:\/\/www.keyade.com\/fr\/wp-content\/uploads\/2023\/08\/Courir_logo.svg_-900x437.png 900w, https:\/\/www.keyade.com\/fr\/wp-content\/uploads\/2023\/08\/Courir_logo.svg_-768x372.png 768w\" sizes=\"auto, (max-width: 1200px) 100vw, 1200px\" \/><\/figure>\n\n\n\n<figure class=\"wp-block-image size-full\"><img loading=\"lazy\" decoding=\"async\" width=\"1115\" height=\"485\" src=\"https:\/\/www.keyade.com\/fr\/wp-content\/uploads\/2023\/08\/danone.png\" alt=\"\" class=\"wp-image-14519\" srcset=\"https:\/\/www.keyade.com\/fr\/wp-content\/uploads\/2023\/08\/danone.png 1115w, https:\/\/www.keyade.com\/fr\/wp-content\/uploads\/2023\/08\/danone-900x391.png 900w, https:\/\/www.keyade.com\/fr\/wp-content\/uploads\/2023\/08\/danone-768x334.png 768w\" sizes=\"auto, (max-width: 1115px) 100vw, 1115px\" \/><\/figure>\n\n\n\n<figure class=\"wp-block-image size-large\"><img loading=\"lazy\" decoding=\"async\" width=\"400\" height=\"240\" src=\"https:\/\/www.keyade.com\/fr\/wp-content\/uploads\/2020\/09\/yves-rocher.jpg\" alt=\"\" class=\"wp-image-9653\"\/><\/figure>\n\n\t<\/div>\n\n<\/div>\n\n<\/div>\n\n\n\n<p class=\"block-header\">News &amp; Blog<\/p>\n\n\n\n<h2 class=\"wp-block-heading block-title\">Retrouvez nos contenus<\/h2>\n\n\n<ul class=\"wp-block-latest-posts__list lastposts wp-block-latest-posts\"><li><div class=\"wp-block-latest-posts__featured-image\"><img loading=\"lazy\" decoding=\"async\" width=\"899\" height=\"675\" src=\"https:\/\/www.keyade.com\/fr\/wp-content\/uploads\/2024\/10\/Visuel-cookiless-une.png\" class=\"attachment-large size-large wp-post-image\" alt=\"\" style=\"\" srcset=\"https:\/\/www.keyade.com\/fr\/wp-content\/uploads\/2024\/10\/Visuel-cookiless-une.png 899w, https:\/\/www.keyade.com\/fr\/wp-content\/uploads\/2024\/10\/Visuel-cookiless-une-768x577.png 768w\" sizes=\"auto, (max-width: 899px) 100vw, 899px\" \/><\/div><a class=\"wp-block-latest-posts__post-title\" href=\"https:\/\/www.keyade.com\/fr\/blog\/fin-cookies-tiers-urgence\/\">La cookie-calypse n\u2019aura pas lieu\u2026 mais l\u2019urgence demeure\u00a0!<\/a><\/li>\n<li><div class=\"wp-block-latest-posts__featured-image\"><img loading=\"lazy\" decoding=\"async\" width=\"899\" height=\"675\" src=\"https:\/\/www.keyade.com\/fr\/wp-content\/uploads\/2024\/10\/Visuel-futur-shopper.png\" class=\"attachment-large size-large wp-post-image\" alt=\"\" style=\"\" srcset=\"https:\/\/www.keyade.com\/fr\/wp-content\/uploads\/2024\/10\/Visuel-futur-shopper.png 899w, https:\/\/www.keyade.com\/fr\/wp-content\/uploads\/2024\/10\/Visuel-futur-shopper-768x577.png 768w\" sizes=\"auto, (max-width: 899px) 100vw, 899px\" \/><\/div><a class=\"wp-block-latest-posts__post-title\" href=\"https:\/\/www.keyade.com\/fr\/blog\/tendances-ecommerce-2024\/\">D\u00e9cryptage des tendances (e)Commerce : \u00e0 consommer sans mod\u00e9ration !<\/a><\/li>\n<li><div class=\"wp-block-latest-posts__featured-image\"><img loading=\"lazy\" decoding=\"async\" width=\"899\" height=\"675\" src=\"https:\/\/www.keyade.com\/fr\/wp-content\/uploads\/2024\/04\/social-medial-lead-gen.png\" class=\"attachment-large size-large wp-post-image\" alt=\"\" style=\"\" srcset=\"https:\/\/www.keyade.com\/fr\/wp-content\/uploads\/2024\/04\/social-medial-lead-gen.png 899w, https:\/\/www.keyade.com\/fr\/wp-content\/uploads\/2024\/04\/social-medial-lead-gen-768x577.png 768w\" sizes=\"auto, (max-width: 899px) 100vw, 899px\" \/><\/div><a class=\"wp-block-latest-posts__post-title\" href=\"https:\/\/www.keyade.com\/fr\/blog\/lead-gen-format-publicitaire\/\">Lead Gen, un format encore trop peu utilis\u00e9\u00a0<\/a><\/li>\n<\/ul>\n\n\n<div class=\"wp-block-buttons ky_btn_blocks is-layout-flex wp-block-buttons-is-layout-flex\">\n<div class=\"wp-block-button ky_blog_btn\"><a class=\"wp-block-button__link wp-element-button\" href=\"\/fr\/blog\/\">Voir tous les articles<\/a><\/div>\n<\/div>\n\n\n\n<p><\/p>\n","protected":false},"excerpt":{"rendered":"<p>La performance est humaine Nos savoir-faire Agence conseil en performance digitale Nos r\u00e9f\u00e9rences Ils nous font confiance News &amp; Blog Retrouvez nos contenus<\/p>\n","protected":false},"author":1,"featured_media":0,"parent":0,"menu_order":0,"comment_status":"closed","ping_status":"closed","template":"fullwidth.php","meta":{"footnotes":""},"class_list":["post-8989","page","type-page","status-publish","hentry"],"yoast_head":"<!-- This site is optimized with the Yoast SEO plugin v27.5 - https:\/\/yoast.com\/product\/yoast-seo-wordpress\/ -->\n<title>Keyade - Agence Conseil en Performance Digitale<\/title>\n<meta name=\"description\" content=\"Keyade est une agence conseil en performance digitale. Elle propose des strat\u00e9gies digital media et des services consulting et technologiques avanc\u00e9s.\" \/>\n<meta name=\"robots\" content=\"index, follow, max-snippet:-1, max-image-preview:large, max-video-preview:-1\" \/>\n<link rel=\"canonical\" href=\"https:\/\/www.keyade.com\/fr\/\" \/>\n<meta property=\"og:locale\" content=\"fr_FR\" \/>\n<meta property=\"og:type\" content=\"article\" \/>\n<meta property=\"og:title\" content=\"Keyade - Agence Conseil en Performance Digitale\" \/>\n<meta property=\"og:description\" content=\"Keyade est une agence conseil en performance digitale. Elle propose des strat\u00e9gies digital media et des services consulting et technologiques avanc\u00e9s.\" \/>\n<meta property=\"og:url\" content=\"https:\/\/www.keyade.com\/fr\/\" \/>\n<meta property=\"og:site_name\" content=\"Keyade\" \/>\n<meta property=\"article:publisher\" content=\"https:\/\/www.facebook.com\/keyade\/\" \/>\n<meta property=\"article:modified_time\" content=\"2023-08-02T15:25:32+00:00\" \/>\n<meta property=\"og:image\" content=\"https:\/\/www.keyade.com\/fr\/wp-content\/uploads\/2020\/09\/Home-Page-1.jpg\" \/>\n<meta name=\"twitter:card\" content=\"summary_large_image\" \/>\n<meta name=\"twitter:site\" content=\"@Keyade\" \/>\n<meta name=\"twitter:label1\" content=\"Dur\u00e9e de lecture estim\u00e9e\" \/>\n\t<meta name=\"twitter:data1\" content=\"5 minutes\" \/>\n<script type=\"application\/ld+json\" class=\"yoast-schema-graph\">{\"@context\":\"https:\\\/\\\/schema.org\",\"@graph\":[{\"@type\":\"WebPage\",\"@id\":\"https:\\\/\\\/www.keyade.com\\\/fr\\\/\",\"url\":\"https:\\\/\\\/www.keyade.com\\\/fr\\\/\",\"name\":\"Keyade - Agence Conseil en Performance Digitale\",\"isPartOf\":{\"@id\":\"https:\\\/\\\/www.keyade.com\\\/fr\\\/#website\"},\"primaryImageOfPage\":{\"@id\":\"https:\\\/\\\/www.keyade.com\\\/fr\\\/#primaryimage\"},\"image\":{\"@id\":\"https:\\\/\\\/www.keyade.com\\\/fr\\\/#primaryimage\"},\"thumbnailUrl\":\"https:\\\/\\\/www.keyade.com\\\/fr\\\/wp-content\\\/uploads\\\/2020\\\/09\\\/Home-Page-1.jpg\",\"datePublished\":\"2020-08-28T18:33:29+00:00\",\"dateModified\":\"2023-08-02T15:25:32+00:00\",\"description\":\"Keyade est une agence conseil en performance digitale. Elle propose des strat\u00e9gies digital media et des services consulting et technologiques avanc\u00e9s.\",\"breadcrumb\":{\"@id\":\"https:\\\/\\\/www.keyade.com\\\/fr\\\/#breadcrumb\"},\"inLanguage\":\"fr-FR\",\"potentialAction\":[{\"@type\":\"ReadAction\",\"target\":[\"https:\\\/\\\/www.keyade.com\\\/fr\\\/\"]}]},{\"@type\":\"ImageObject\",\"inLanguage\":\"fr-FR\",\"@id\":\"https:\\\/\\\/www.keyade.com\\\/fr\\\/#primaryimage\",\"url\":\"https:\\\/\\\/www.keyade.com\\\/fr\\\/wp-content\\\/uploads\\\/2020\\\/09\\\/Home-Page-1.jpg\",\"contentUrl\":\"https:\\\/\\\/www.keyade.com\\\/fr\\\/wp-content\\\/uploads\\\/2020\\\/09\\\/Home-Page-1.jpg\",\"width\":590,\"height\":430},{\"@type\":\"BreadcrumbList\",\"@id\":\"https:\\\/\\\/www.keyade.com\\\/fr\\\/#breadcrumb\",\"itemListElement\":[{\"@type\":\"ListItem\",\"position\":1,\"name\":\"Accueil\",\"item\":\"https:\\\/\\\/www.keyade.com\\\/fr\\\/\"},{\"@type\":\"ListItem\",\"position\":2,\"name\":\"Home\"}]},{\"@type\":\"WebSite\",\"@id\":\"https:\\\/\\\/www.keyade.com\\\/fr\\\/#website\",\"url\":\"https:\\\/\\\/www.keyade.com\\\/fr\\\/\",\"name\":\"Keyade\",\"description\":\"Agence Conseil en Performance Digitale\",\"publisher\":{\"@id\":\"https:\\\/\\\/www.keyade.com\\\/fr\\\/#organization\"},\"potentialAction\":[{\"@type\":\"SearchAction\",\"target\":{\"@type\":\"EntryPoint\",\"urlTemplate\":\"https:\\\/\\\/www.keyade.com\\\/fr\\\/?s={search_term_string}\"},\"query-input\":{\"@type\":\"PropertyValueSpecification\",\"valueRequired\":true,\"valueName\":\"search_term_string\"}}],\"inLanguage\":\"fr-FR\"},{\"@type\":\"Organization\",\"@id\":\"https:\\\/\\\/www.keyade.com\\\/fr\\\/#organization\",\"name\":\"Keyade\",\"url\":\"https:\\\/\\\/www.keyade.com\\\/fr\\\/\",\"logo\":{\"@type\":\"ImageObject\",\"inLanguage\":\"fr-FR\",\"@id\":\"https:\\\/\\\/www.keyade.com\\\/fr\\\/#\\\/schema\\\/logo\\\/image\\\/\",\"url\":\"https:\\\/\\\/www.keyade.com\\\/fr\\\/wp-content\\\/uploads\\\/2020\\\/09\\\/logo-keyade-u-533x100-1.png\",\"contentUrl\":\"https:\\\/\\\/www.keyade.com\\\/fr\\\/wp-content\\\/uploads\\\/2020\\\/09\\\/logo-keyade-u-533x100-1.png\",\"width\":533,\"height\":100,\"caption\":\"Keyade\"},\"image\":{\"@id\":\"https:\\\/\\\/www.keyade.com\\\/fr\\\/#\\\/schema\\\/logo\\\/image\\\/\"},\"sameAs\":[\"https:\\\/\\\/www.facebook.com\\\/keyade\\\/\",\"https:\\\/\\\/x.com\\\/Keyade\",\"https:\\\/\\\/www.instagram.com\\\/keyade\\\/\",\"https:\\\/\\\/www.linkedin.com\\\/company\\\/keyade\"]}]}<\/script>\n<!-- \/ Yoast SEO plugin. -->","yoast_head_json":{"title":"Keyade - Agence Conseil en Performance Digitale","description":"Keyade est une agence conseil en performance digitale. Elle propose des strat\u00e9gies digital media et des services consulting et technologiques avanc\u00e9s.","robots":{"index":"index","follow":"follow","max-snippet":"max-snippet:-1","max-image-preview":"max-image-preview:large","max-video-preview":"max-video-preview:-1"},"canonical":"https:\/\/www.keyade.com\/fr\/","og_locale":"fr_FR","og_type":"article","og_title":"Keyade - Agence Conseil en Performance Digitale","og_description":"Keyade est une agence conseil en performance digitale. Elle propose des strat\u00e9gies digital media et des services consulting et technologiques avanc\u00e9s.","og_url":"https:\/\/www.keyade.com\/fr\/","og_site_name":"Keyade","article_publisher":"https:\/\/www.facebook.com\/keyade\/","article_modified_time":"2023-08-02T15:25:32+00:00","og_image":[{"url":"https:\/\/www.keyade.com\/fr\/wp-content\/uploads\/2020\/09\/Home-Page-1.jpg","type":"","width":"","height":""}],"twitter_card":"summary_large_image","twitter_site":"@Keyade","twitter_misc":{"Dur\u00e9e de lecture estim\u00e9e":"5 minutes"},"schema":{"@context":"https:\/\/schema.org","@graph":[{"@type":"WebPage","@id":"https:\/\/www.keyade.com\/fr\/","url":"https:\/\/www.keyade.com\/fr\/","name":"Keyade - Agence Conseil en Performance Digitale","isPartOf":{"@id":"https:\/\/www.keyade.com\/fr\/#website"},"primaryImageOfPage":{"@id":"https:\/\/www.keyade.com\/fr\/#primaryimage"},"image":{"@id":"https:\/\/www.keyade.com\/fr\/#primaryimage"},"thumbnailUrl":"https:\/\/www.keyade.com\/fr\/wp-content\/uploads\/2020\/09\/Home-Page-1.jpg","datePublished":"2020-08-28T18:33:29+00:00","dateModified":"2023-08-02T15:25:32+00:00","description":"Keyade est une agence conseil en performance digitale. Elle propose des strat\u00e9gies digital media et des services consulting et technologiques avanc\u00e9s.","breadcrumb":{"@id":"https:\/\/www.keyade.com\/fr\/#breadcrumb"},"inLanguage":"fr-FR","potentialAction":[{"@type":"ReadAction","target":["https:\/\/www.keyade.com\/fr\/"]}]},{"@type":"ImageObject","inLanguage":"fr-FR","@id":"https:\/\/www.keyade.com\/fr\/#primaryimage","url":"https:\/\/www.keyade.com\/fr\/wp-content\/uploads\/2020\/09\/Home-Page-1.jpg","contentUrl":"https:\/\/www.keyade.com\/fr\/wp-content\/uploads\/2020\/09\/Home-Page-1.jpg","width":590,"height":430},{"@type":"BreadcrumbList","@id":"https:\/\/www.keyade.com\/fr\/#breadcrumb","itemListElement":[{"@type":"ListItem","position":1,"name":"Accueil","item":"https:\/\/www.keyade.com\/fr\/"},{"@type":"ListItem","position":2,"name":"Home"}]},{"@type":"WebSite","@id":"https:\/\/www.keyade.com\/fr\/#website","url":"https:\/\/www.keyade.com\/fr\/","name":"Keyade","description":"Agence Conseil en Performance Digitale","publisher":{"@id":"https:\/\/www.keyade.com\/fr\/#organization"},"potentialAction":[{"@type":"SearchAction","target":{"@type":"EntryPoint","urlTemplate":"https:\/\/www.keyade.com\/fr\/?s={search_term_string}"},"query-input":{"@type":"PropertyValueSpecification","valueRequired":true,"valueName":"search_term_string"}}],"inLanguage":"fr-FR"},{"@type":"Organization","@id":"https:\/\/www.keyade.com\/fr\/#organization","name":"Keyade","url":"https:\/\/www.keyade.com\/fr\/","logo":{"@type":"ImageObject","inLanguage":"fr-FR","@id":"https:\/\/www.keyade.com\/fr\/#\/schema\/logo\/image\/","url":"https:\/\/www.keyade.com\/fr\/wp-content\/uploads\/2020\/09\/logo-keyade-u-533x100-1.png","contentUrl":"https:\/\/www.keyade.com\/fr\/wp-content\/uploads\/2020\/09\/logo-keyade-u-533x100-1.png","width":533,"height":100,"caption":"Keyade"},"image":{"@id":"https:\/\/www.keyade.com\/fr\/#\/schema\/logo\/image\/"},"sameAs":["https:\/\/www.facebook.com\/keyade\/","https:\/\/x.com\/Keyade","https:\/\/www.instagram.com\/keyade\/","https:\/\/www.linkedin.com\/company\/keyade"]}]}},"_links":{"self":[{"href":"https:\/\/www.keyade.com\/fr\/wp-json\/wp\/v2\/pages\/8989","targetHints":{"allow":["GET"]}}],"collection":[{"href":"https:\/\/www.keyade.com\/fr\/wp-json\/wp\/v2\/pages"}],"about":[{"href":"https:\/\/www.keyade.com\/fr\/wp-json\/wp\/v2\/types\/page"}],"author":[{"embeddable":true,"href":"https:\/\/www.keyade.com\/fr\/wp-json\/wp\/v2\/users\/1"}],"replies":[{"embeddable":true,"href":"https:\/\/www.keyade.com\/fr\/wp-json\/wp\/v2\/comments?post=8989"}],"version-history":[{"count":100,"href":"https:\/\/www.keyade.com\/fr\/wp-json\/wp\/v2\/pages\/8989\/revisions"}],"predecessor-version":[{"id":14523,"href":"https:\/\/www.keyade.com\/fr\/wp-json\/wp\/v2\/pages\/8989\/revisions\/14523"}],"wp:attachment":[{"href":"https:\/\/www.keyade.com\/fr\/wp-json\/wp\/v2\/media?parent=8989"}],"curies":[{"name":"wp","href":"https:\/\/api.w.org\/{rel}","templated":true}]}}