{"id":12385,"date":"2022-05-12T14:42:20","date_gmt":"2022-05-12T13:42:20","guid":{"rendered":"https:\/\/www.keyade.com\/fr\/?page_id=12385"},"modified":"2023-01-31T16:47:56","modified_gmt":"2023-01-31T14:47:56","slug":"data-innovations","status":"publish","type":"page","link":"https:\/\/www.keyade.com\/fr\/data-innovations\/","title":{"rendered":"Data &#038; Innovations"},"content":{"rendered":"\n<div class=\"wp-block-cover is-light ky-block-cover\"><span aria-hidden=\"true\" class=\"wp-block-cover__background has-background-dim\"><\/span><img loading=\"lazy\" decoding=\"async\" width=\"1500\" height=\"1000\" class=\"wp-block-cover__image-background wp-image-12381\" alt=\"\" src=\"https:\/\/www.keyade.com\/fr\/wp-content\/uploads\/2022\/04\/pre-selection-101.jpg\" data-object-fit=\"cover\" srcset=\"https:\/\/www.keyade.com\/fr\/wp-content\/uploads\/2022\/04\/pre-selection-101.jpg 1500w, https:\/\/www.keyade.com\/fr\/wp-content\/uploads\/2022\/04\/pre-selection-101-900x600.jpg 900w, https:\/\/www.keyade.com\/fr\/wp-content\/uploads\/2022\/04\/pre-selection-101-1200x800.jpg 1200w, https:\/\/www.keyade.com\/fr\/wp-content\/uploads\/2022\/04\/pre-selection-101-768x512.jpg 768w\" sizes=\"auto, (max-width: 1500px) 100vw, 1500px\" \/><div class=\"wp-block-cover__inner-container is-layout-flow wp-block-cover-is-layout-flow\">\n<h1 class=\"wp-block-heading\">Data &amp; Innovations<\/h1>\n\n\n\n<p>Innovation et d\u00e9veloppement de services et solutions technologiques sur mesure pour r\u00e9ussir votre transformation digitale<\/p>\n<\/div><\/div>\n\n\n\n<h2 class=\"wp-block-heading\">Des solutions \u00e0 vos probl\u00e9matiques digitales avanc\u00e9es<\/h2>\n\n\n\n<p>Chez Keyade, nous vous aidons \u00e0 connecter vos besoins de court terme \u00e0 vos&nbsp;<strong>enjeux de long terme&nbsp;<\/strong>et nous vous accompagnons dans la conduite du changement. Nous intervenons ainsi sur&nbsp;<strong>toutes les probl\u00e9matiques connexes \u00e0 l\u2019activation media<\/strong>, sur tous les leviers.<\/p>\n\n\n\n<p>La data est une mati\u00e8re premi\u00e8re strat\u00e9gique. Nous vous proposons un ensemble de services personnalis\u00e9s pour vous permettre de cr\u00e9er en toute simplicit\u00e9 l\u2019environnement data et analytics n\u00e9cessaire au mod\u00e8le de performance media qui vous correspond.<\/p>\n\n\n\n<p>Pour chacune de vos probl\u00e9matiques digitales, nous proposons de vous accompagner gr\u00e2ce \u00e0 diff\u00e9rents services :<\/p>\n\n\n\n<figure class=\"wp-block-table ky-table-list\"><table><tbody><tr><td>Conseil<\/td><td>D\u00e9veloppement de solutions technologiques<\/td><\/tr><tr><td>Gestion \/ Production<\/td><td>Formation<\/td><\/tr><\/tbody><\/table><\/figure>\n\n\n\n<h2 class=\"wp-block-heading\">Data collection<\/h2>\n\n\n\n<p>Collecte, mesure, stockage et structuration des donn\u00e9es de l\u2019ensemble de votre \u00e9cosyst\u00e8me media (site web, CRM, fournisseurs 3rd-party, r\u00e9gies publicitaires, partenaires technologiques, etc.)<\/p>\n\n\n\n<ul class=\"wp-block-list\">\n<li>Google Tag Manager<\/li>\n\n\n\n<li>Google Analytics<\/li>\n\n\n\n<li>Tracking cookieless (GTM Server Side, CAPI Facebook, \u2026)<\/li>\n\n\n\n<li>Tracking server-to-server sur mesure<\/li>\n\n\n\n<li>Connecteurs API<\/li>\n\n\n\n<li>Technologie Keyade de mesure de la performance media<\/li>\n<\/ul>\n\n\n\n<h2 class=\"wp-block-heading\">Data-driven media strategy<\/h2>\n\n\n\n<p>Accompagnement sur le param\u00e9trage et l\u2019activation de solutions avanc\u00e9es pour concr\u00e9tiser de nouveaux projets business ou de transformation digitale. <\/p>\n\n\n\n<ul class=\"wp-block-list\">\n<li>Search Ads 360 &amp; Campaign Manager<\/li>\n\n\n\n<li>Google Cloud Platform<\/li>\n\n\n\n<li>Audit Media et Restructuration de compte<\/li>\n\n\n\n<li>Accompagnement internalisation media<\/li>\n<\/ul>\n\n\n\n<p><\/p>\n\n\n\n<figure class=\"wp-block-pullquote ky-quote-blue\"><blockquote><p>\u00ab&nbsp;Ces derni\u00e8res ann\u00e9es, les \u00e9quipes Keyade ont su nous accompagner sur l\u2019acculturation du levier SEA en interne et ont \u00e9galement su se muscler sur les comp\u00e9tences \/ ressources BI et data pour r\u00e9pondre \u00e0 notre volont\u00e9 d\u2019aller toujours plus loin dans notre pilotage data-driven des campagnes SEA.&nbsp;\u00bb<\/p><cite>Thomas D\u00e9jardin, Head of Traffic &amp; Media &amp; CRM chez La Redoute<\/cite><\/blockquote><\/figure>\n\n\n\n<h2 class=\"wp-block-heading\">Data engineering &amp; architecture<\/h2>\n\n\n\n<p>Manipulation et d\u00e9ploiement de solutions sur mesure autour des flux de donn\u00e9es pour en permettre l\u2019exploitation et faire croitre l\u2019efficacit\u00e9 du m\u00e9dia. <\/p>\n\n\n\n<ul class=\"wp-block-list\">\n<li>Feed Management<\/li>\n\n\n\n<li>CSS<\/li>\n\n\n\n<li>Local Inventory Ads<\/li>\n\n\n\n<li>Pilotage sur les donn\u00e9es CRM<\/li>\n\n\n\n<li>Automatisation Data CRM<\/li>\n\n\n\n<li>Projets data sur mesure\u2026<\/li>\n<\/ul>\n\n\n\n<h2 class=\"wp-block-heading\">Data visualization<\/h2>\n\n\n\n<p>Cr\u00e9ation de dashboards sur mesure, param\u00e9trage d\u2019interfaces de reporting, alimentation d\u2019outils tiers\u2026<\/p>\n\n\n\n<ul class=\"wp-block-list\">\n<li>Google Data Studio<\/li>\n\n\n\n<li>Dashboard ad-hoc<\/li>\n\n\n\n<li>Alimentation sur mesure : API, FTP, email, Big Query\u2026<\/li>\n<\/ul>\n\n\n\n<figure class=\"wp-block-pullquote ky-quote-orange\"><blockquote><p> \u00ab Depuis plus de 10 ans, Keyade d\u00e9veloppe des solutions technologiques sur mesure pour nous accompagner sur chacune de nos probl\u00e9matiques de performance digitale. Ces derni\u00e8res ann\u00e9es, leurs \u00e9quipes Data et R&amp;D nous ont accompagn\u00e9s dans la mise en place de nombreuses APIs et d&rsquo;un environnement de mesure server-to-server complet, anticipant ainsi les \u00e9volutions du march\u00e9 li\u00e9es au suivi publicitaire et nous permettant de rester en avance sur nos march\u00e9s. Parmi ces solutions best-in-class, citons celles qui nous permettent aujourd&rsquo;hui d&rsquo;avoir une vision compl\u00e8te de nos investissements digitaux et de leur rentabilit\u00e9, le tout bas\u00e9 sur notre r\u00e9f\u00e9rentiel marketing interne, ou qui nous permettent par exemple de nourrir pr\u00e9cis\u00e9ment les algorithmes de nos partenaires publicitaires en respectant les guidelines l\u00e9gales, dans le but d&rsquo;aller toujours plus loin dans l&rsquo;optimisation du pilotage media. <em>\u00bb<\/em><\/p><cite>Marion Graff, VP Acquisition Europe @ Meetic<\/cite><\/blockquote><\/figure>\n\n\n\n<h2 class=\"wp-block-heading\">R&amp;D et Tech : une \u00e9quipe d\u00e9di\u00e9e<\/h2>\n\n\n\n<p>Depuis sa cr\u00e9ation en 2006, Keyade baigne dans une culture technologique tr\u00e8s forte. Nous avons cr\u00e9\u00e9 (et continuons de d\u00e9velopper aujourd\u2019hui) une&nbsp;technologie de mesure de la performance media, enti\u00e8rement d\u00e9velopp\u00e9e en solution SaaS.<\/p>\n\n\n\n<p>Cette technologie et ses applications sont utilis\u00e9es sur l\u2019ensemble des offres et services Data &amp; Innovations de Keyade.<\/p>\n\n\n\n<figure class=\"wp-block-image size-large\"><img loading=\"lazy\" decoding=\"async\" width=\"1200\" height=\"267\" src=\"https:\/\/www.keyade.com\/fr\/wp-content\/uploads\/2022\/04\/R-D-Tech-1200x267.png\" alt=\"\" class=\"wp-image-12401\" srcset=\"https:\/\/www.keyade.com\/fr\/wp-content\/uploads\/2022\/04\/R-D-Tech-1200x267.png 1200w, https:\/\/www.keyade.com\/fr\/wp-content\/uploads\/2022\/04\/R-D-Tech-900x200.png 900w, https:\/\/www.keyade.com\/fr\/wp-content\/uploads\/2022\/04\/R-D-Tech-768x171.png 768w, https:\/\/www.keyade.com\/fr\/wp-content\/uploads\/2022\/04\/R-D-Tech-1536x342.png 1536w, https:\/\/www.keyade.com\/fr\/wp-content\/uploads\/2022\/04\/R-D-Tech-2048x456.png 2048w\" sizes=\"auto, (max-width: 1200px) 100vw, 1200px\" \/><\/figure>\n\n\n\n<p>Aujourd\u2019hui encore, 10% du revenu de Keyade est investi en recherche et d\u00e9veloppement, avec une \u00e9quipe R&amp;D de&nbsp;10 personnes&nbsp;impliqu\u00e9es sur les projets technologiques de nos clients.<\/p>\n\n\n\n<h2 class=\"wp-block-heading\">L&rsquo;innovation r\u00e9compens\u00e9e<\/h2>\n\n\n\n<div class=\"wp-block-columns is-layout-flex wp-container-core-columns-is-layout-9d6595d7 wp-block-columns-is-layout-flex\">\n<div class=\"wp-block-column is-layout-flow wp-block-column-is-layout-flow\">\n<figure class=\"wp-block-image size-full\"><img loading=\"lazy\" decoding=\"async\" width=\"870\" height=\"616\" src=\"https:\/\/www.keyade.com\/fr\/wp-content\/uploads\/2021\/01\/Inno.jpg\" alt=\"\" class=\"wp-image-10557\" srcset=\"https:\/\/www.keyade.com\/fr\/wp-content\/uploads\/2021\/01\/Inno.jpg 870w, https:\/\/www.keyade.com\/fr\/wp-content\/uploads\/2021\/01\/Inno-768x544.jpg 768w\" sizes=\"auto, (max-width: 870px) 100vw, 870px\" \/><\/figure>\n<\/div>\n\n\n\n<div class=\"wp-block-column is-layout-flow wp-block-column-is-layout-flow\">\n<p>Keyade re\u00e7oit le <strong>Prix de l&rsquo;Innovation<\/strong> au Grand Prix du Search 2020, avec son client Norauto.<\/p>\n\n\n\n<p>Keyade et Norauto ont \u00e9t\u00e9 r\u00e9compens\u00e9es pour l&rsquo;innovation de leur dispositif Search &amp; Data (<strong>Prix Or de la cat\u00e9gorie<\/strong>) et leur capacit\u00e9 \u00e0 int\u00e9grer le SEA digital dans une logique omnicanale de long terme.<\/p>\n<\/div>\n<\/div>\n\n\n\n<div class=\"wp-block-columns is-layout-flex wp-container-core-columns-is-layout-9d6595d7 wp-block-columns-is-layout-flex\">\n<div class=\"wp-block-column is-layout-flow wp-block-column-is-layout-flow\">\n<figure class=\"wp-block-image size-full\"><img loading=\"lazy\" decoding=\"async\" width=\"966\" height=\"684\" src=\"https:\/\/www.keyade.com\/fr\/wp-content\/uploads\/2020\/08\/2020-08-21_18h25_07.png\" alt=\"\" class=\"wp-image-9233\" srcset=\"https:\/\/www.keyade.com\/fr\/wp-content\/uploads\/2020\/08\/2020-08-21_18h25_07.png 966w, https:\/\/www.keyade.com\/fr\/wp-content\/uploads\/2020\/08\/2020-08-21_18h25_07-900x637.png 900w, https:\/\/www.keyade.com\/fr\/wp-content\/uploads\/2020\/08\/2020-08-21_18h25_07-768x544.png 768w\" sizes=\"auto, (max-width: 966px) 100vw, 966px\" \/><\/figure>\n<\/div>\n\n\n\n<div class=\"wp-block-column is-layout-flow wp-block-column-is-layout-flow\">\n<p>En 2019, en marge du prix de la Meilleure Agence de l\u2019ann\u00e9e, Keyade a re\u00e7u le <strong>prix d\u2019Or de la cat\u00e9gorie Search &amp; IA<\/strong> au Grand Prix du Search.<\/p>\n\n\n\n<p>Le jury a r\u00e9compens\u00e9 une innovation technologique d\u2019ampleur dans le monde du search&nbsp;: la capacit\u00e9 de r\u00e9int\u00e9grer les donn\u00e9es CRM offline de nos clients \u00e0 des plateformes de pilotage automatis\u00e9, notamment Search Ads 360.<\/p>\n<\/div>\n<\/div>\n","protected":false},"excerpt":{"rendered":"<p>Des solutions \u00e0 vos probl\u00e9matiques digitales avanc\u00e9es Chez Keyade, nous vous aidons \u00e0 connecter vos besoins de court terme \u00e0 vos&nbsp;enjeux de long terme&nbsp;et nous vous accompagnons dans la conduite du changement. Nous intervenons ainsi sur&nbsp;toutes les probl\u00e9matiques connexes \u00e0 l\u2019activation media, sur tous les leviers. La data est une mati\u00e8re premi\u00e8re strat\u00e9gique. Nous vous [&hellip;]<\/p>\n","protected":false},"author":1,"featured_media":0,"parent":0,"menu_order":0,"comment_status":"closed","ping_status":"closed","template":"","meta":{"footnotes":""},"class_list":["post-12385","page","type-page","status-publish","hentry"],"yoast_head":"<!-- This site is optimized with the Yoast SEO plugin v27.5 - https:\/\/yoast.com\/product\/yoast-seo-wordpress\/ -->\n<title>Data &amp; Innovations - Keyade<\/title>\n<meta name=\"robots\" content=\"index, follow, max-snippet:-1, max-image-preview:large, max-video-preview:-1\" \/>\n<link rel=\"canonical\" href=\"https:\/\/www.keyade.com\/fr\/data-innovations\/\" \/>\n<meta property=\"og:locale\" content=\"fr_FR\" \/>\n<meta property=\"og:type\" content=\"article\" \/>\n<meta property=\"og:title\" content=\"Data &amp; Innovations - Keyade\" \/>\n<meta property=\"og:description\" content=\"Des solutions \u00e0 vos probl\u00e9matiques digitales avanc\u00e9es Chez Keyade, nous vous aidons \u00e0 connecter vos besoins de court terme \u00e0 vos&nbsp;enjeux de long terme&nbsp;et nous vous accompagnons dans la conduite du changement. Nous intervenons ainsi sur&nbsp;toutes les probl\u00e9matiques connexes \u00e0 l\u2019activation media, sur tous les leviers. La data est une mati\u00e8re premi\u00e8re strat\u00e9gique. Nous vous [&hellip;]\" \/>\n<meta property=\"og:url\" content=\"https:\/\/www.keyade.com\/fr\/data-innovations\/\" \/>\n<meta property=\"og:site_name\" content=\"Keyade\" \/>\n<meta property=\"article:publisher\" content=\"https:\/\/www.facebook.com\/keyade\/\" \/>\n<meta property=\"article:modified_time\" content=\"2023-01-31T14:47:56+00:00\" \/>\n<meta property=\"og:image\" content=\"https:\/\/www.keyade.com\/fr\/wp-content\/uploads\/2022\/04\/pre-selection-101.jpg\" \/>\n<meta name=\"twitter:card\" content=\"summary_large_image\" \/>\n<meta name=\"twitter:site\" content=\"@Keyade\" \/>\n<meta name=\"twitter:label1\" content=\"Dur\u00e9e de lecture estim\u00e9e\" \/>\n\t<meta name=\"twitter:data1\" content=\"5 minutes\" \/>\n<script type=\"application\/ld+json\" class=\"yoast-schema-graph\">{\"@context\":\"https:\\\/\\\/schema.org\",\"@graph\":[{\"@type\":\"WebPage\",\"@id\":\"https:\\\/\\\/www.keyade.com\\\/fr\\\/data-innovations\\\/\",\"url\":\"https:\\\/\\\/www.keyade.com\\\/fr\\\/data-innovations\\\/\",\"name\":\"Data & Innovations - Keyade\",\"isPartOf\":{\"@id\":\"https:\\\/\\\/www.keyade.com\\\/fr\\\/#website\"},\"primaryImageOfPage\":{\"@id\":\"https:\\\/\\\/www.keyade.com\\\/fr\\\/data-innovations\\\/#primaryimage\"},\"image\":{\"@id\":\"https:\\\/\\\/www.keyade.com\\\/fr\\\/data-innovations\\\/#primaryimage\"},\"thumbnailUrl\":\"https:\\\/\\\/www.keyade.com\\\/fr\\\/wp-content\\\/uploads\\\/2022\\\/04\\\/pre-selection-101.jpg\",\"datePublished\":\"2022-05-12T13:42:20+00:00\",\"dateModified\":\"2023-01-31T14:47:56+00:00\",\"breadcrumb\":{\"@id\":\"https:\\\/\\\/www.keyade.com\\\/fr\\\/data-innovations\\\/#breadcrumb\"},\"inLanguage\":\"fr-FR\",\"potentialAction\":[{\"@type\":\"ReadAction\",\"target\":[\"https:\\\/\\\/www.keyade.com\\\/fr\\\/data-innovations\\\/\"]}]},{\"@type\":\"ImageObject\",\"inLanguage\":\"fr-FR\",\"@id\":\"https:\\\/\\\/www.keyade.com\\\/fr\\\/data-innovations\\\/#primaryimage\",\"url\":\"https:\\\/\\\/www.keyade.com\\\/fr\\\/wp-content\\\/uploads\\\/2022\\\/04\\\/pre-selection-101.jpg\",\"contentUrl\":\"https:\\\/\\\/www.keyade.com\\\/fr\\\/wp-content\\\/uploads\\\/2022\\\/04\\\/pre-selection-101.jpg\",\"width\":1500,\"height\":1000},{\"@type\":\"BreadcrumbList\",\"@id\":\"https:\\\/\\\/www.keyade.com\\\/fr\\\/data-innovations\\\/#breadcrumb\",\"itemListElement\":[{\"@type\":\"ListItem\",\"position\":1,\"name\":\"Accueil\",\"item\":\"https:\\\/\\\/www.keyade.com\\\/fr\\\/\"},{\"@type\":\"ListItem\",\"position\":2,\"name\":\"Data &#038; Innovations\"}]},{\"@type\":\"WebSite\",\"@id\":\"https:\\\/\\\/www.keyade.com\\\/fr\\\/#website\",\"url\":\"https:\\\/\\\/www.keyade.com\\\/fr\\\/\",\"name\":\"Keyade\",\"description\":\"Agence Conseil en Performance Digitale\",\"publisher\":{\"@id\":\"https:\\\/\\\/www.keyade.com\\\/fr\\\/#organization\"},\"potentialAction\":[{\"@type\":\"SearchAction\",\"target\":{\"@type\":\"EntryPoint\",\"urlTemplate\":\"https:\\\/\\\/www.keyade.com\\\/fr\\\/?s={search_term_string}\"},\"query-input\":{\"@type\":\"PropertyValueSpecification\",\"valueRequired\":true,\"valueName\":\"search_term_string\"}}],\"inLanguage\":\"fr-FR\"},{\"@type\":\"Organization\",\"@id\":\"https:\\\/\\\/www.keyade.com\\\/fr\\\/#organization\",\"name\":\"Keyade\",\"url\":\"https:\\\/\\\/www.keyade.com\\\/fr\\\/\",\"logo\":{\"@type\":\"ImageObject\",\"inLanguage\":\"fr-FR\",\"@id\":\"https:\\\/\\\/www.keyade.com\\\/fr\\\/#\\\/schema\\\/logo\\\/image\\\/\",\"url\":\"https:\\\/\\\/www.keyade.com\\\/fr\\\/wp-content\\\/uploads\\\/2020\\\/09\\\/logo-keyade-u-533x100-1.png\",\"contentUrl\":\"https:\\\/\\\/www.keyade.com\\\/fr\\\/wp-content\\\/uploads\\\/2020\\\/09\\\/logo-keyade-u-533x100-1.png\",\"width\":533,\"height\":100,\"caption\":\"Keyade\"},\"image\":{\"@id\":\"https:\\\/\\\/www.keyade.com\\\/fr\\\/#\\\/schema\\\/logo\\\/image\\\/\"},\"sameAs\":[\"https:\\\/\\\/www.facebook.com\\\/keyade\\\/\",\"https:\\\/\\\/x.com\\\/Keyade\",\"https:\\\/\\\/www.instagram.com\\\/keyade\\\/\",\"https:\\\/\\\/www.linkedin.com\\\/company\\\/keyade\"]}]}<\/script>\n<!-- \/ Yoast SEO plugin. -->","yoast_head_json":{"title":"Data & Innovations - Keyade","robots":{"index":"index","follow":"follow","max-snippet":"max-snippet:-1","max-image-preview":"max-image-preview:large","max-video-preview":"max-video-preview:-1"},"canonical":"https:\/\/www.keyade.com\/fr\/data-innovations\/","og_locale":"fr_FR","og_type":"article","og_title":"Data & Innovations - Keyade","og_description":"Des solutions \u00e0 vos probl\u00e9matiques digitales avanc\u00e9es Chez Keyade, nous vous aidons \u00e0 connecter vos besoins de court terme \u00e0 vos&nbsp;enjeux de long terme&nbsp;et nous vous accompagnons dans la conduite du changement. Nous intervenons ainsi sur&nbsp;toutes les probl\u00e9matiques connexes \u00e0 l\u2019activation media, sur tous les leviers. La data est une mati\u00e8re premi\u00e8re strat\u00e9gique. Nous vous [&hellip;]","og_url":"https:\/\/www.keyade.com\/fr\/data-innovations\/","og_site_name":"Keyade","article_publisher":"https:\/\/www.facebook.com\/keyade\/","article_modified_time":"2023-01-31T14:47:56+00:00","og_image":[{"url":"https:\/\/www.keyade.com\/fr\/wp-content\/uploads\/2022\/04\/pre-selection-101.jpg","type":"","width":"","height":""}],"twitter_card":"summary_large_image","twitter_site":"@Keyade","twitter_misc":{"Dur\u00e9e de lecture estim\u00e9e":"5 minutes"},"schema":{"@context":"https:\/\/schema.org","@graph":[{"@type":"WebPage","@id":"https:\/\/www.keyade.com\/fr\/data-innovations\/","url":"https:\/\/www.keyade.com\/fr\/data-innovations\/","name":"Data & Innovations - Keyade","isPartOf":{"@id":"https:\/\/www.keyade.com\/fr\/#website"},"primaryImageOfPage":{"@id":"https:\/\/www.keyade.com\/fr\/data-innovations\/#primaryimage"},"image":{"@id":"https:\/\/www.keyade.com\/fr\/data-innovations\/#primaryimage"},"thumbnailUrl":"https:\/\/www.keyade.com\/fr\/wp-content\/uploads\/2022\/04\/pre-selection-101.jpg","datePublished":"2022-05-12T13:42:20+00:00","dateModified":"2023-01-31T14:47:56+00:00","breadcrumb":{"@id":"https:\/\/www.keyade.com\/fr\/data-innovations\/#breadcrumb"},"inLanguage":"fr-FR","potentialAction":[{"@type":"ReadAction","target":["https:\/\/www.keyade.com\/fr\/data-innovations\/"]}]},{"@type":"ImageObject","inLanguage":"fr-FR","@id":"https:\/\/www.keyade.com\/fr\/data-innovations\/#primaryimage","url":"https:\/\/www.keyade.com\/fr\/wp-content\/uploads\/2022\/04\/pre-selection-101.jpg","contentUrl":"https:\/\/www.keyade.com\/fr\/wp-content\/uploads\/2022\/04\/pre-selection-101.jpg","width":1500,"height":1000},{"@type":"BreadcrumbList","@id":"https:\/\/www.keyade.com\/fr\/data-innovations\/#breadcrumb","itemListElement":[{"@type":"ListItem","position":1,"name":"Accueil","item":"https:\/\/www.keyade.com\/fr\/"},{"@type":"ListItem","position":2,"name":"Data &#038; Innovations"}]},{"@type":"WebSite","@id":"https:\/\/www.keyade.com\/fr\/#website","url":"https:\/\/www.keyade.com\/fr\/","name":"Keyade","description":"Agence Conseil en Performance Digitale","publisher":{"@id":"https:\/\/www.keyade.com\/fr\/#organization"},"potentialAction":[{"@type":"SearchAction","target":{"@type":"EntryPoint","urlTemplate":"https:\/\/www.keyade.com\/fr\/?s={search_term_string}"},"query-input":{"@type":"PropertyValueSpecification","valueRequired":true,"valueName":"search_term_string"}}],"inLanguage":"fr-FR"},{"@type":"Organization","@id":"https:\/\/www.keyade.com\/fr\/#organization","name":"Keyade","url":"https:\/\/www.keyade.com\/fr\/","logo":{"@type":"ImageObject","inLanguage":"fr-FR","@id":"https:\/\/www.keyade.com\/fr\/#\/schema\/logo\/image\/","url":"https:\/\/www.keyade.com\/fr\/wp-content\/uploads\/2020\/09\/logo-keyade-u-533x100-1.png","contentUrl":"https:\/\/www.keyade.com\/fr\/wp-content\/uploads\/2020\/09\/logo-keyade-u-533x100-1.png","width":533,"height":100,"caption":"Keyade"},"image":{"@id":"https:\/\/www.keyade.com\/fr\/#\/schema\/logo\/image\/"},"sameAs":["https:\/\/www.facebook.com\/keyade\/","https:\/\/x.com\/Keyade","https:\/\/www.instagram.com\/keyade\/","https:\/\/www.linkedin.com\/company\/keyade"]}]}},"_links":{"self":[{"href":"https:\/\/www.keyade.com\/fr\/wp-json\/wp\/v2\/pages\/12385","targetHints":{"allow":["GET"]}}],"collection":[{"href":"https:\/\/www.keyade.com\/fr\/wp-json\/wp\/v2\/pages"}],"about":[{"href":"https:\/\/www.keyade.com\/fr\/wp-json\/wp\/v2\/types\/page"}],"author":[{"embeddable":true,"href":"https:\/\/www.keyade.com\/fr\/wp-json\/wp\/v2\/users\/1"}],"replies":[{"embeddable":true,"href":"https:\/\/www.keyade.com\/fr\/wp-json\/wp\/v2\/comments?post=12385"}],"version-history":[{"count":22,"href":"https:\/\/www.keyade.com\/fr\/wp-json\/wp\/v2\/pages\/12385\/revisions"}],"predecessor-version":[{"id":13473,"href":"https:\/\/www.keyade.com\/fr\/wp-json\/wp\/v2\/pages\/12385\/revisions\/13473"}],"wp:attachment":[{"href":"https:\/\/www.keyade.com\/fr\/wp-json\/wp\/v2\/media?parent=12385"}],"curies":[{"name":"wp","href":"https:\/\/api.w.org\/{rel}","templated":true}]}}