{"id":4589,"date":"2018-06-12T15:14:02","date_gmt":"2018-06-12T14:14:02","guid":{"rendered":"https:\/\/www.keyade.com\/?page_id=4589"},"modified":"2021-04-20T14:56:15","modified_gmt":"2021-04-20T13:56:15","slug":"keyade-opt-out","status":"publish","type":"page","link":"https:\/\/www.keyade.com\/en\/keyade-opt-out","title":{"rendered":"Keyade Cookie Opt-out"},"content":{"rendered":"<h1>Keyade Cookie Opt-out<\/h1>\n<p style=\"text-align: left;\">To opt-out of the cookies used by Keyade analytics tools, please click on the link below :<\/p>\n<p style=\"text-align: center;\"><a href=\"https:\/\/k.keyade.com\/optout.php\">OPT-OUT NOW<\/a><\/p>\n<p style=\"text-align: justify;\">By clicking on this link, all previous cookies used by our analytics solutions will be deleted from all the domains managed by us. A cookie named &#8220;K_optout&#8221; will also be dropped on those domains, with a lifetime of 12 months. This cookie is used to inform our system that you are opt-out, and that we must not store any other cookie\/identifier on your web browser. In order to opt-in, you only have to remove the opt-out cookie from your browser.<\/p>\n<h1>Opt-out des cookies Keyade<\/h1>\n<p style=\"text-align: left;\">Pour d\u00e9sactiver les cookies des solutions d&#8217;analytics de Keyade, merci de cliquer sur le lien ci-dessous :<\/p>\n<p style=\"text-align: center;\"><a href=\"https:\/\/k.keyade.com\/optout.php\">OPT-OUT MAINTENANT<\/a><\/p>\n<p style=\"text-align: justify;\">En cliquant sur ce lien, tous les cookies des solutions d&#8217;analytics Keyade seront effac\u00e9s, et le cookie &#8220;K_optout&#8221; sera d\u00e9pos\u00e9 sur votre navigateur, pour une dur\u00e9e de 12 mois, sur l&#8217;ensemble des domaines g\u00e9r\u00e9s par Keyade. Ce cookie nous permet de savoir que vous avez d\u00e9sactiv\u00e9 les cookies Keyade et que nous ne devons pas cr\u00e9er de nouveaux cookies sur votre navigateur. Si vous souhaitez r\u00e9activer les cookies Keyade, vous devez simplement effacer ce cookie d&#8217;opt-out de votre navigateur.<\/p>\n\n\n<p><\/p>\n","protected":false},"excerpt":{"rendered":"<p>Keyade Cookie Opt-out To opt-out of the cookies used by Keyade analytics tools, please click on the link below : OPT-OUT NOW By clicking on this link, all previous cookies used by our analytics solutions will be deleted from all the domains managed by us. A cookie named &#8220;K_optout&#8221; will also be dropped on those [&hellip;]<\/p>\n","protected":false},"author":1,"featured_media":0,"parent":0,"menu_order":0,"comment_status":"closed","ping_status":"closed","template":"","meta":{"footnotes":""},"class_list":["post-4589","page","type-page","status-publish","hentry"],"yoast_head":"<!-- This site is optimized with the Yoast SEO plugin v27.5 - https:\/\/yoast.com\/product\/yoast-seo-wordpress\/ -->\n<title>Keyade Cookie Opt-out - Keyade<\/title>\n<meta name=\"robots\" content=\"index, follow, max-snippet:-1, max-image-preview:large, max-video-preview:-1\" \/>\n<link rel=\"canonical\" href=\"https:\/\/www.keyade.com\/en\/keyade-opt-out\" \/>\n<meta property=\"og:locale\" content=\"en_US\" \/>\n<meta property=\"og:type\" content=\"article\" \/>\n<meta property=\"og:title\" content=\"Keyade Cookie Opt-out - Keyade\" \/>\n<meta property=\"og:description\" content=\"Keyade Cookie Opt-out To opt-out of the cookies used by Keyade analytics tools, please click on the link below : OPT-OUT NOW By clicking on this link, all previous cookies used by our analytics solutions will be deleted from all the domains managed by us. A cookie named &#8220;K_optout&#8221; will also be dropped on those [&hellip;]\" \/>\n<meta property=\"og:url\" content=\"https:\/\/www.keyade.com\/en\/keyade-opt-out\" \/>\n<meta property=\"og:site_name\" content=\"Keyade\" \/>\n<meta property=\"article:publisher\" content=\"https:\/\/www.facebook.com\/keyade\/\" \/>\n<meta property=\"article:modified_time\" content=\"2021-04-20T13:56:15+00:00\" \/>\n<meta name=\"twitter:card\" content=\"summary_large_image\" \/>\n<meta name=\"twitter:site\" content=\"@Keyade\" \/>\n<meta name=\"twitter:label1\" content=\"Est. reading time\" \/>\n\t<meta name=\"twitter:data1\" content=\"1 minute\" \/>\n<script type=\"application\/ld+json\" class=\"yoast-schema-graph\">{\"@context\":\"https:\\\/\\\/schema.org\",\"@graph\":[{\"@type\":\"WebPage\",\"@id\":\"https:\\\/\\\/www.keyade.com\\\/en\\\/keyade-opt-out\",\"url\":\"https:\\\/\\\/www.keyade.com\\\/en\\\/keyade-opt-out\",\"name\":\"Keyade Cookie Opt-out - Keyade\",\"isPartOf\":{\"@id\":\"https:\\\/\\\/www.keyade.com\\\/en\\\/#website\"},\"datePublished\":\"2018-06-12T14:14:02+00:00\",\"dateModified\":\"2021-04-20T13:56:15+00:00\",\"breadcrumb\":{\"@id\":\"https:\\\/\\\/www.keyade.com\\\/en\\\/keyade-opt-out#breadcrumb\"},\"inLanguage\":\"en-US\",\"potentialAction\":[{\"@type\":\"ReadAction\",\"target\":[\"https:\\\/\\\/www.keyade.com\\\/en\\\/keyade-opt-out\"]}]},{\"@type\":\"BreadcrumbList\",\"@id\":\"https:\\\/\\\/www.keyade.com\\\/en\\\/keyade-opt-out#breadcrumb\",\"itemListElement\":[{\"@type\":\"ListItem\",\"position\":1,\"name\":\"Home\",\"item\":\"https:\\\/\\\/www.keyade.com\\\/en\\\/\"},{\"@type\":\"ListItem\",\"position\":2,\"name\":\"Keyade Cookie Opt-out\"}]},{\"@type\":\"WebSite\",\"@id\":\"https:\\\/\\\/www.keyade.com\\\/en\\\/#website\",\"url\":\"https:\\\/\\\/www.keyade.com\\\/en\\\/\",\"name\":\"Keyade\",\"description\":\"Digital Performance Consulting Agency\",\"publisher\":{\"@id\":\"https:\\\/\\\/www.keyade.com\\\/en\\\/#organization\"},\"potentialAction\":[{\"@type\":\"SearchAction\",\"target\":{\"@type\":\"EntryPoint\",\"urlTemplate\":\"https:\\\/\\\/www.keyade.com\\\/en\\\/?s={search_term_string}\"},\"query-input\":{\"@type\":\"PropertyValueSpecification\",\"valueRequired\":true,\"valueName\":\"search_term_string\"}}],\"inLanguage\":\"en-US\"},{\"@type\":\"Organization\",\"@id\":\"https:\\\/\\\/www.keyade.com\\\/en\\\/#organization\",\"name\":\"Keyade\",\"url\":\"https:\\\/\\\/www.keyade.com\\\/en\\\/\",\"logo\":{\"@type\":\"ImageObject\",\"inLanguage\":\"en-US\",\"@id\":\"https:\\\/\\\/www.keyade.com\\\/en\\\/#\\\/schema\\\/logo\\\/image\\\/\",\"url\":\"https:\\\/\\\/www.keyade.com\\\/en\\\/wp-content\\\/uploads\\\/2020\\\/09\\\/logo-keyade-u-533x100-1.png\",\"contentUrl\":\"https:\\\/\\\/www.keyade.com\\\/en\\\/wp-content\\\/uploads\\\/2020\\\/09\\\/logo-keyade-u-533x100-1.png\",\"width\":533,\"height\":100,\"caption\":\"Keyade\"},\"image\":{\"@id\":\"https:\\\/\\\/www.keyade.com\\\/en\\\/#\\\/schema\\\/logo\\\/image\\\/\"},\"sameAs\":[\"https:\\\/\\\/www.facebook.com\\\/keyade\\\/\",\"https:\\\/\\\/x.com\\\/Keyade\",\"https:\\\/\\\/www.instagram.com\\\/keyade\\\/\",\"https:\\\/\\\/www.linkedin.com\\\/company\\\/keyade\"]}]}<\/script>\n<!-- \/ Yoast SEO plugin. -->","yoast_head_json":{"title":"Keyade Cookie Opt-out - Keyade","robots":{"index":"index","follow":"follow","max-snippet":"max-snippet:-1","max-image-preview":"max-image-preview:large","max-video-preview":"max-video-preview:-1"},"canonical":"https:\/\/www.keyade.com\/en\/keyade-opt-out","og_locale":"en_US","og_type":"article","og_title":"Keyade Cookie Opt-out - Keyade","og_description":"Keyade Cookie Opt-out To opt-out of the cookies used by Keyade analytics tools, please click on the link below : OPT-OUT NOW By clicking on this link, all previous cookies used by our analytics solutions will be deleted from all the domains managed by us. A cookie named &#8220;K_optout&#8221; will also be dropped on those [&hellip;]","og_url":"https:\/\/www.keyade.com\/en\/keyade-opt-out","og_site_name":"Keyade","article_publisher":"https:\/\/www.facebook.com\/keyade\/","article_modified_time":"2021-04-20T13:56:15+00:00","twitter_card":"summary_large_image","twitter_site":"@Keyade","twitter_misc":{"Est. reading time":"1 minute"},"schema":{"@context":"https:\/\/schema.org","@graph":[{"@type":"WebPage","@id":"https:\/\/www.keyade.com\/en\/keyade-opt-out","url":"https:\/\/www.keyade.com\/en\/keyade-opt-out","name":"Keyade Cookie Opt-out - Keyade","isPartOf":{"@id":"https:\/\/www.keyade.com\/en\/#website"},"datePublished":"2018-06-12T14:14:02+00:00","dateModified":"2021-04-20T13:56:15+00:00","breadcrumb":{"@id":"https:\/\/www.keyade.com\/en\/keyade-opt-out#breadcrumb"},"inLanguage":"en-US","potentialAction":[{"@type":"ReadAction","target":["https:\/\/www.keyade.com\/en\/keyade-opt-out"]}]},{"@type":"BreadcrumbList","@id":"https:\/\/www.keyade.com\/en\/keyade-opt-out#breadcrumb","itemListElement":[{"@type":"ListItem","position":1,"name":"Home","item":"https:\/\/www.keyade.com\/en\/"},{"@type":"ListItem","position":2,"name":"Keyade Cookie Opt-out"}]},{"@type":"WebSite","@id":"https:\/\/www.keyade.com\/en\/#website","url":"https:\/\/www.keyade.com\/en\/","name":"Keyade","description":"Digital Performance Consulting Agency","publisher":{"@id":"https:\/\/www.keyade.com\/en\/#organization"},"potentialAction":[{"@type":"SearchAction","target":{"@type":"EntryPoint","urlTemplate":"https:\/\/www.keyade.com\/en\/?s={search_term_string}"},"query-input":{"@type":"PropertyValueSpecification","valueRequired":true,"valueName":"search_term_string"}}],"inLanguage":"en-US"},{"@type":"Organization","@id":"https:\/\/www.keyade.com\/en\/#organization","name":"Keyade","url":"https:\/\/www.keyade.com\/en\/","logo":{"@type":"ImageObject","inLanguage":"en-US","@id":"https:\/\/www.keyade.com\/en\/#\/schema\/logo\/image\/","url":"https:\/\/www.keyade.com\/en\/wp-content\/uploads\/2020\/09\/logo-keyade-u-533x100-1.png","contentUrl":"https:\/\/www.keyade.com\/en\/wp-content\/uploads\/2020\/09\/logo-keyade-u-533x100-1.png","width":533,"height":100,"caption":"Keyade"},"image":{"@id":"https:\/\/www.keyade.com\/en\/#\/schema\/logo\/image\/"},"sameAs":["https:\/\/www.facebook.com\/keyade\/","https:\/\/x.com\/Keyade","https:\/\/www.instagram.com\/keyade\/","https:\/\/www.linkedin.com\/company\/keyade"]}]}},"_links":{"self":[{"href":"https:\/\/www.keyade.com\/en\/wp-json\/wp\/v2\/pages\/4589","targetHints":{"allow":["GET"]}}],"collection":[{"href":"https:\/\/www.keyade.com\/en\/wp-json\/wp\/v2\/pages"}],"about":[{"href":"https:\/\/www.keyade.com\/en\/wp-json\/wp\/v2\/types\/page"}],"author":[{"embeddable":true,"href":"https:\/\/www.keyade.com\/en\/wp-json\/wp\/v2\/users\/1"}],"replies":[{"embeddable":true,"href":"https:\/\/www.keyade.com\/en\/wp-json\/wp\/v2\/comments?post=4589"}],"version-history":[{"count":11,"href":"https:\/\/www.keyade.com\/en\/wp-json\/wp\/v2\/pages\/4589\/revisions"}],"predecessor-version":[{"id":10847,"href":"https:\/\/www.keyade.com\/en\/wp-json\/wp\/v2\/pages\/4589\/revisions\/10847"}],"wp:attachment":[{"href":"https:\/\/www.keyade.com\/en\/wp-json\/wp\/v2\/media?parent=4589"}],"curies":[{"name":"wp","href":"https:\/\/api.w.org\/{rel}","templated":true}]}}