{"id":10165,"date":"2020-09-17T18:00:30","date_gmt":"2020-09-17T17:00:30","guid":{"rendered":"https:\/\/www.keyade.com\/?page_id=10165"},"modified":"2021-01-14T14:54:41","modified_gmt":"2021-01-14T13:54:41","slug":"awards","status":"publish","type":"page","link":"https:\/\/www.keyade.com\/en\/awards","title":{"rendered":"Awards"},"content":{"rendered":"\n<h1 class=\"wp-block-heading\">Awards<\/h1>\n\n\n\n<p>Recognition of Keyade\u2019s innovations and performance!<\/p>\n\n\n\n<h2 class=\"wp-block-heading\">Search &#8216;Grand Prix&#8217; 2020<\/h2>\n\n\n\n<p>Keyade wins 6 awards:<\/p>\n\n\n\n<ul class=\"wp-block-list\"><li><strong>Best SEA Agency 2020<\/strong> <em>(for the thrid time in a row)<\/em><\/li><li><strong>Grand Prix du Search 2020 <\/strong>&amp; Gold Prize for best Shopping campaign (with <a href=\"https:\/\/www.castorama.fr\/\" target=\"_blank\" rel=\"noreferrer noopener\">Castorama France<\/a>)<\/li><li><strong>Innovation Prize 2020<\/strong> &amp; Gold Prize for best Search &amp; Data campaign (with <a href=\"https:\/\/www.norauto.fr\/\" target=\"_blank\" rel=\"noreferrer noopener\">Norauto<\/a>)<\/li><li>Gold Prize for best Search &amp; AI campaign (with <a href=\"https:\/\/www.macif.fr\/assurance\/particuliers\" target=\"_blank\" rel=\"noreferrer noopener\">Macif<\/a>)<\/li><li>Gold Prize for best Local Search campaign (with <a href=\"https:\/\/www.jules.com\/fr-fr\/index\/\" target=\"_blank\" rel=\"noreferrer noopener\">Jules<\/a>)<\/li><li>Silver Prize for best Shopping campaign (with <a href=\"https:\/\/www.laredoute.fr\/\" target=\"_blank\" rel=\"noreferrer noopener\">La Redoute<\/a>)<\/li><\/ul>\n\n\n\n<figure class=\"wp-block-image size-large\"><img loading=\"lazy\" decoding=\"async\" width=\"1200\" height=\"670\" src=\"https:\/\/www.keyade.com\/en\/wp-content\/uploads\/2021\/01\/Image4-1200x670.jpg\" alt=\"\" class=\"wp-image-10651\" srcset=\"https:\/\/www.keyade.com\/en\/wp-content\/uploads\/2021\/01\/Image4-1200x670.jpg 1200w, https:\/\/www.keyade.com\/en\/wp-content\/uploads\/2021\/01\/Image4-900x502.jpg 900w, https:\/\/www.keyade.com\/en\/wp-content\/uploads\/2021\/01\/Image4-768x429.jpg 768w, https:\/\/www.keyade.com\/en\/wp-content\/uploads\/2021\/01\/Image4-1536x857.jpg 1536w, https:\/\/www.keyade.com\/en\/wp-content\/uploads\/2021\/01\/Image4.jpg 1708w\" sizes=\"auto, (max-width: 1200px) 100vw, 1200px\" \/><\/figure>\n\n\n\n<hr class=\"wp-block-separator\"\/>\n\n\n\n<h2 class=\"wp-block-heading\">Search &#8216;Grand Prix&#8217; 2019<\/h2>\n\n\n\n<p>Keyade wins 4 awards:<\/p>\n\n\n\n<ul class=\"wp-block-list\"><li><strong>Best SEA Agency 2019<\/strong> <em>(for the second time in a row)<\/em><\/li><li>Best Search &amp; AI campaign<\/li><li>Silver Prize for Best SEO performance (with <a href=\"https:\/\/www.transavia.com\/\" target=\"_blank\" rel=\"noreferrer noopener\">Transavia<\/a>)<\/li><li>Bronze Prize for Best SEO performance (with <a href=\"https:\/\/www.disneylandparis.com\/fr-fr\/\" target=\"_blank\" rel=\"noreferrer noopener\">Disneyland Paris<\/a>)<\/li><\/ul>\n\n\n\n<figure class=\"wp-block-image size-large\"><img loading=\"lazy\" decoding=\"async\" width=\"1200\" height=\"609\" src=\"https:\/\/www.keyade.com\/en\/wp-content\/uploads\/2021\/01\/DIC_7679-resized-1200x609.jpg\" alt=\"\" class=\"wp-image-10611\" srcset=\"https:\/\/www.keyade.com\/en\/wp-content\/uploads\/2021\/01\/DIC_7679-resized-1200x609.jpg 1200w, https:\/\/www.keyade.com\/en\/wp-content\/uploads\/2021\/01\/DIC_7679-resized-900x457.jpg 900w, https:\/\/www.keyade.com\/en\/wp-content\/uploads\/2021\/01\/DIC_7679-resized-768x390.jpg 768w, https:\/\/www.keyade.com\/en\/wp-content\/uploads\/2021\/01\/DIC_7679-resized-1536x779.jpg 1536w, https:\/\/www.keyade.com\/en\/wp-content\/uploads\/2021\/01\/DIC_7679-resized-2048x1039.jpg 2048w\" sizes=\"auto, (max-width: 1200px) 100vw, 1200px\" \/><figcaption>At the center of this picture, the Keyade team represented by Christelle Cubizolles (SEO Director) and Adrien Alioua (Consulting Director).<\/figcaption><\/figure>\n\n\n\n<p> <\/p>\n\n\n\n<hr class=\"wp-block-separator\"\/>\n\n\n\n<h2 class=\"wp-block-heading\">#BestOfTweets 2019<\/h2>\n\n\n\n<p>In June 2019, Keyade, Mindshare and Marcel win the Innovation Prize for the campaign #DragibusBlackFortune with <a href=\"https:\/\/www.haribo.com\/fr-fr\" target=\"_blank\" rel=\"noreferrer noopener\">Haribo France<\/a>. <\/p>\n\n\n\n<figure class=\"wp-block-image size-large\"><img loading=\"lazy\" decoding=\"async\" width=\"677\" height=\"350\" src=\"https:\/\/www.keyade.com\/en\/wp-content\/uploads\/2021\/01\/Image.png\" alt=\"\" class=\"wp-image-10621\"\/><\/figure>\n\n\n\n<hr class=\"wp-block-separator\"\/>\n\n\n\n<h2 class=\"wp-block-heading\">Bing Partner Awards EMEA 2019<\/h2>\n\n\n\n<p>Keyade wins 2 awards:<\/p>\n\n\n\n<ul class=\"wp-block-list\"><li><strong>Agency Partner of the Year 2019 &#8211; Europe<\/strong><\/li><li>Team of the Year 2019 &#8211; Europe<\/li><\/ul>\n\n\n\n<figure class=\"wp-block-image size-large\"><img loading=\"lazy\" decoding=\"async\" width=\"1200\" height=\"800\" src=\"https:\/\/www.keyade.com\/en\/wp-content\/uploads\/2021\/01\/Agencyofthe-year-HD-1200x800.jpg\" alt=\"\" class=\"wp-image-10631\" srcset=\"https:\/\/www.keyade.com\/en\/wp-content\/uploads\/2021\/01\/Agencyofthe-year-HD-1200x800.jpg 1200w, https:\/\/www.keyade.com\/en\/wp-content\/uploads\/2021\/01\/Agencyofthe-year-HD-900x600.jpg 900w, https:\/\/www.keyade.com\/en\/wp-content\/uploads\/2021\/01\/Agencyofthe-year-HD-768x512.jpg 768w, https:\/\/www.keyade.com\/en\/wp-content\/uploads\/2021\/01\/Agencyofthe-year-HD-1536x1024.jpg 1536w, https:\/\/www.keyade.com\/en\/wp-content\/uploads\/2021\/01\/Agencyofthe-year-HD.jpg 1911w\" sizes=\"auto, (max-width: 1200px) 100vw, 1200px\" \/><figcaption>Axel Steiman (VP of EMEA Bing Advertising Sales, Microsoft) + Keyade team: Sophie Langlois (Deputy Director), Sarah Gandon (Marketing &amp; Communications Director), Charlotte Rozan-Pichet (Digital Media Deputy Director)<\/figcaption><\/figure>\n\n\n\n<hr class=\"wp-block-separator\"\/>\n\n\n\n<h2 class=\"wp-block-heading\">Search &#8216;Grand Prix&#8217; 2018<\/h2>\n\n\n\n<p>Keyade wins 4 awards<\/p>\n\n\n\n<ul class=\"wp-block-list\"><li><strong>Best SEA Agency 2018<\/strong><\/li><li><strong>Grand Prix du Search 2018<\/strong><\/li><li>Best SEA &amp; Data campaign (with <a href=\"https:\/\/www.comptoir.fr\/\" target=\"_blank\" rel=\"noreferrer noopener\">Comptoir des Voyages<\/a>)<\/li><li>Best Shopping campaign (with <a href=\"https:\/\/www.rueducommerce.fr\/\" target=\"_blank\" rel=\"noreferrer noopener\">Rue du Commerce<\/a>)<\/li><\/ul>\n\n\n\n<figure class=\"wp-block-image size-large\"><img loading=\"lazy\" decoding=\"async\" width=\"1024\" height=\"684\" src=\"https:\/\/www.keyade.com\/en\/wp-content\/uploads\/2021\/01\/GPS_3773-1024x684-1.jpg\" alt=\"\" class=\"wp-image-10637\" srcset=\"https:\/\/www.keyade.com\/en\/wp-content\/uploads\/2021\/01\/GPS_3773-1024x684-1.jpg 1024w, https:\/\/www.keyade.com\/en\/wp-content\/uploads\/2021\/01\/GPS_3773-1024x684-1-900x601.jpg 900w, https:\/\/www.keyade.com\/en\/wp-content\/uploads\/2021\/01\/GPS_3773-1024x684-1-768x513.jpg 768w\" sizes=\"auto, (max-width: 1024px) 100vw, 1024px\" \/><figcaption>Rue du Commerce Team (Anne-Victoire Franc, Xavier Suraud, Florent Th\u00e9r\u00e8se) and Keyade Team (Denis Vaillant, Sophie Langlois, Charlotte Rozan-Pichet, Ma\u00ebl Loubard, Florent Pignard and Fr\u00e9d\u00e9ric Sleiman) at the Search &#8216;Grand Prix&#8217; event in November 2018.<\/figcaption><\/figure>\n\n\n\n<hr class=\"wp-block-separator\"\/>\n\n\n\n<h2 class=\"wp-block-heading\">SEMY Awards&nbsp;&#8211;&nbsp;SMX Paris&nbsp;2016<\/h2>\n\n\n\n<p>Keyade is awarded the prize of Best SEA campaign with <a href=\"https:\/\/www.enviedefraise.fr\/\" target=\"_blank\" rel=\"noreferrer noopener\">Envie de Fraise<\/a>.<\/p>\n\n\n\n<figure class=\"wp-block-image size-large is-resized\"><img loading=\"lazy\" decoding=\"async\" src=\"https:\/\/www.keyade.com\/en\/wp-content\/uploads\/2021\/01\/SMX-Paris-2016-Keyade-1.jpg\" alt=\"\" class=\"wp-image-10815\" width=\"800\" height=\"500\"\/><figcaption>Charlotte Rozan-Pichet (SEA Team Leader), Chlo\u00e9 Jub\u00e9court (SEA Consultant) and Denis Vaillant (Cofounder and CEO of Keyade) at the SEMY Awards @ SMX Paris in June 2016.<\/figcaption><\/figure>\n","protected":false},"excerpt":{"rendered":"<p>Awards Recognition of Keyade\u2019s innovations and performance! Search &#8216;Grand Prix&#8217; 2020 Keyade wins 6 awards: Best SEA Agency 2020 (for the thrid time in a row) Grand Prix du Search 2020 &amp; Gold Prize for best Shopping campaign (with Castorama France) Innovation Prize 2020 &amp; Gold Prize for best Search &amp; Data campaign (with Norauto) [&hellip;]<\/p>\n","protected":false},"author":1,"featured_media":0,"parent":0,"menu_order":0,"comment_status":"closed","ping_status":"closed","template":"","meta":{"footnotes":""},"class_list":["post-10165","page","type-page","status-publish","hentry"],"yoast_head":"<!-- This site is optimized with the Yoast SEO plugin v27.4 - https:\/\/yoast.com\/product\/yoast-seo-wordpress\/ -->\n<title>Awards - Keyade<\/title>\n<meta name=\"robots\" content=\"index, follow, max-snippet:-1, max-image-preview:large, max-video-preview:-1\" \/>\n<link rel=\"canonical\" href=\"https:\/\/www.keyade.com\/en\/awards\" \/>\n<meta property=\"og:locale\" content=\"en_US\" \/>\n<meta property=\"og:type\" content=\"article\" \/>\n<meta property=\"og:title\" content=\"Awards - Keyade\" \/>\n<meta property=\"og:description\" content=\"Awards Recognition of Keyade\u2019s innovations and performance! Search &#8216;Grand Prix&#8217; 2020 Keyade wins 6 awards: Best SEA Agency 2020 (for the thrid time in a row) Grand Prix du Search 2020 &amp; Gold Prize for best Shopping campaign (with Castorama France) Innovation Prize 2020 &amp; Gold Prize for best Search &amp; Data campaign (with Norauto) [&hellip;]\" \/>\n<meta property=\"og:url\" content=\"https:\/\/www.keyade.com\/en\/awards\" \/>\n<meta property=\"og:site_name\" content=\"Keyade\" \/>\n<meta property=\"article:publisher\" content=\"https:\/\/www.facebook.com\/keyade\/\" \/>\n<meta property=\"article:modified_time\" content=\"2021-01-14T13:54:41+00:00\" \/>\n<meta property=\"og:image\" content=\"https:\/\/www.keyade.com\/en\/wp-content\/uploads\/2021\/01\/Image4-1200x670.jpg\" \/>\n<meta name=\"twitter:card\" content=\"summary_large_image\" \/>\n<meta name=\"twitter:site\" content=\"@Keyade\" \/>\n<meta name=\"twitter:label1\" content=\"Est. reading time\" \/>\n\t<meta name=\"twitter:data1\" content=\"2 minutes\" \/>\n<script type=\"application\/ld+json\" class=\"yoast-schema-graph\">{\"@context\":\"https:\\\/\\\/schema.org\",\"@graph\":[{\"@type\":\"WebPage\",\"@id\":\"https:\\\/\\\/www.keyade.com\\\/en\\\/awards\",\"url\":\"https:\\\/\\\/www.keyade.com\\\/en\\\/awards\",\"name\":\"Awards - Keyade\",\"isPartOf\":{\"@id\":\"https:\\\/\\\/www.keyade.com\\\/en\\\/#website\"},\"primaryImageOfPage\":{\"@id\":\"https:\\\/\\\/www.keyade.com\\\/en\\\/awards#primaryimage\"},\"image\":{\"@id\":\"https:\\\/\\\/www.keyade.com\\\/en\\\/awards#primaryimage\"},\"thumbnailUrl\":\"https:\\\/\\\/www.keyade.com\\\/en\\\/wp-content\\\/uploads\\\/2021\\\/01\\\/Image4-1200x670.jpg\",\"datePublished\":\"2020-09-17T17:00:30+00:00\",\"dateModified\":\"2021-01-14T13:54:41+00:00\",\"breadcrumb\":{\"@id\":\"https:\\\/\\\/www.keyade.com\\\/en\\\/awards#breadcrumb\"},\"inLanguage\":\"en-US\",\"potentialAction\":[{\"@type\":\"ReadAction\",\"target\":[\"https:\\\/\\\/www.keyade.com\\\/en\\\/awards\"]}]},{\"@type\":\"ImageObject\",\"inLanguage\":\"en-US\",\"@id\":\"https:\\\/\\\/www.keyade.com\\\/en\\\/awards#primaryimage\",\"url\":\"https:\\\/\\\/www.keyade.com\\\/en\\\/wp-content\\\/uploads\\\/2021\\\/01\\\/Image4.jpg\",\"contentUrl\":\"https:\\\/\\\/www.keyade.com\\\/en\\\/wp-content\\\/uploads\\\/2021\\\/01\\\/Image4.jpg\",\"width\":1708,\"height\":953},{\"@type\":\"BreadcrumbList\",\"@id\":\"https:\\\/\\\/www.keyade.com\\\/en\\\/awards#breadcrumb\",\"itemListElement\":[{\"@type\":\"ListItem\",\"position\":1,\"name\":\"Home\",\"item\":\"https:\\\/\\\/www.keyade.com\\\/en\\\/\"},{\"@type\":\"ListItem\",\"position\":2,\"name\":\"Awards\"}]},{\"@type\":\"WebSite\",\"@id\":\"https:\\\/\\\/www.keyade.com\\\/en\\\/#website\",\"url\":\"https:\\\/\\\/www.keyade.com\\\/en\\\/\",\"name\":\"Keyade\",\"description\":\"Digital Performance Consulting Agency\",\"publisher\":{\"@id\":\"https:\\\/\\\/www.keyade.com\\\/en\\\/#organization\"},\"potentialAction\":[{\"@type\":\"SearchAction\",\"target\":{\"@type\":\"EntryPoint\",\"urlTemplate\":\"https:\\\/\\\/www.keyade.com\\\/en\\\/?s={search_term_string}\"},\"query-input\":{\"@type\":\"PropertyValueSpecification\",\"valueRequired\":true,\"valueName\":\"search_term_string\"}}],\"inLanguage\":\"en-US\"},{\"@type\":\"Organization\",\"@id\":\"https:\\\/\\\/www.keyade.com\\\/en\\\/#organization\",\"name\":\"Keyade\",\"url\":\"https:\\\/\\\/www.keyade.com\\\/en\\\/\",\"logo\":{\"@type\":\"ImageObject\",\"inLanguage\":\"en-US\",\"@id\":\"https:\\\/\\\/www.keyade.com\\\/en\\\/#\\\/schema\\\/logo\\\/image\\\/\",\"url\":\"https:\\\/\\\/www.keyade.com\\\/en\\\/wp-content\\\/uploads\\\/2020\\\/09\\\/logo-keyade-u-533x100-1.png\",\"contentUrl\":\"https:\\\/\\\/www.keyade.com\\\/en\\\/wp-content\\\/uploads\\\/2020\\\/09\\\/logo-keyade-u-533x100-1.png\",\"width\":533,\"height\":100,\"caption\":\"Keyade\"},\"image\":{\"@id\":\"https:\\\/\\\/www.keyade.com\\\/en\\\/#\\\/schema\\\/logo\\\/image\\\/\"},\"sameAs\":[\"https:\\\/\\\/www.facebook.com\\\/keyade\\\/\",\"https:\\\/\\\/x.com\\\/Keyade\",\"https:\\\/\\\/www.instagram.com\\\/keyade\\\/\",\"https:\\\/\\\/www.linkedin.com\\\/company\\\/keyade\"]}]}<\/script>\n<!-- \/ Yoast SEO plugin. -->","yoast_head_json":{"title":"Awards - Keyade","robots":{"index":"index","follow":"follow","max-snippet":"max-snippet:-1","max-image-preview":"max-image-preview:large","max-video-preview":"max-video-preview:-1"},"canonical":"https:\/\/www.keyade.com\/en\/awards","og_locale":"en_US","og_type":"article","og_title":"Awards - Keyade","og_description":"Awards Recognition of Keyade\u2019s innovations and performance! Search &#8216;Grand Prix&#8217; 2020 Keyade wins 6 awards: Best SEA Agency 2020 (for the thrid time in a row) Grand Prix du Search 2020 &amp; Gold Prize for best Shopping campaign (with Castorama France) Innovation Prize 2020 &amp; Gold Prize for best Search &amp; Data campaign (with Norauto) [&hellip;]","og_url":"https:\/\/www.keyade.com\/en\/awards","og_site_name":"Keyade","article_publisher":"https:\/\/www.facebook.com\/keyade\/","article_modified_time":"2021-01-14T13:54:41+00:00","og_image":[{"url":"https:\/\/www.keyade.com\/en\/wp-content\/uploads\/2021\/01\/Image4-1200x670.jpg","type":"","width":"","height":""}],"twitter_card":"summary_large_image","twitter_site":"@Keyade","twitter_misc":{"Est. reading time":"2 minutes"},"schema":{"@context":"https:\/\/schema.org","@graph":[{"@type":"WebPage","@id":"https:\/\/www.keyade.com\/en\/awards","url":"https:\/\/www.keyade.com\/en\/awards","name":"Awards - Keyade","isPartOf":{"@id":"https:\/\/www.keyade.com\/en\/#website"},"primaryImageOfPage":{"@id":"https:\/\/www.keyade.com\/en\/awards#primaryimage"},"image":{"@id":"https:\/\/www.keyade.com\/en\/awards#primaryimage"},"thumbnailUrl":"https:\/\/www.keyade.com\/en\/wp-content\/uploads\/2021\/01\/Image4-1200x670.jpg","datePublished":"2020-09-17T17:00:30+00:00","dateModified":"2021-01-14T13:54:41+00:00","breadcrumb":{"@id":"https:\/\/www.keyade.com\/en\/awards#breadcrumb"},"inLanguage":"en-US","potentialAction":[{"@type":"ReadAction","target":["https:\/\/www.keyade.com\/en\/awards"]}]},{"@type":"ImageObject","inLanguage":"en-US","@id":"https:\/\/www.keyade.com\/en\/awards#primaryimage","url":"https:\/\/www.keyade.com\/en\/wp-content\/uploads\/2021\/01\/Image4.jpg","contentUrl":"https:\/\/www.keyade.com\/en\/wp-content\/uploads\/2021\/01\/Image4.jpg","width":1708,"height":953},{"@type":"BreadcrumbList","@id":"https:\/\/www.keyade.com\/en\/awards#breadcrumb","itemListElement":[{"@type":"ListItem","position":1,"name":"Home","item":"https:\/\/www.keyade.com\/en\/"},{"@type":"ListItem","position":2,"name":"Awards"}]},{"@type":"WebSite","@id":"https:\/\/www.keyade.com\/en\/#website","url":"https:\/\/www.keyade.com\/en\/","name":"Keyade","description":"Digital Performance Consulting Agency","publisher":{"@id":"https:\/\/www.keyade.com\/en\/#organization"},"potentialAction":[{"@type":"SearchAction","target":{"@type":"EntryPoint","urlTemplate":"https:\/\/www.keyade.com\/en\/?s={search_term_string}"},"query-input":{"@type":"PropertyValueSpecification","valueRequired":true,"valueName":"search_term_string"}}],"inLanguage":"en-US"},{"@type":"Organization","@id":"https:\/\/www.keyade.com\/en\/#organization","name":"Keyade","url":"https:\/\/www.keyade.com\/en\/","logo":{"@type":"ImageObject","inLanguage":"en-US","@id":"https:\/\/www.keyade.com\/en\/#\/schema\/logo\/image\/","url":"https:\/\/www.keyade.com\/en\/wp-content\/uploads\/2020\/09\/logo-keyade-u-533x100-1.png","contentUrl":"https:\/\/www.keyade.com\/en\/wp-content\/uploads\/2020\/09\/logo-keyade-u-533x100-1.png","width":533,"height":100,"caption":"Keyade"},"image":{"@id":"https:\/\/www.keyade.com\/en\/#\/schema\/logo\/image\/"},"sameAs":["https:\/\/www.facebook.com\/keyade\/","https:\/\/x.com\/Keyade","https:\/\/www.instagram.com\/keyade\/","https:\/\/www.linkedin.com\/company\/keyade"]}]}},"_links":{"self":[{"href":"https:\/\/www.keyade.com\/en\/wp-json\/wp\/v2\/pages\/10165","targetHints":{"allow":["GET"]}}],"collection":[{"href":"https:\/\/www.keyade.com\/en\/wp-json\/wp\/v2\/pages"}],"about":[{"href":"https:\/\/www.keyade.com\/en\/wp-json\/wp\/v2\/types\/page"}],"author":[{"embeddable":true,"href":"https:\/\/www.keyade.com\/en\/wp-json\/wp\/v2\/users\/1"}],"replies":[{"embeddable":true,"href":"https:\/\/www.keyade.com\/en\/wp-json\/wp\/v2\/comments?post=10165"}],"version-history":[{"count":26,"href":"https:\/\/www.keyade.com\/en\/wp-json\/wp\/v2\/pages\/10165\/revisions"}],"predecessor-version":[{"id":10831,"href":"https:\/\/www.keyade.com\/en\/wp-json\/wp\/v2\/pages\/10165\/revisions\/10831"}],"wp:attachment":[{"href":"https:\/\/www.keyade.com\/en\/wp-json\/wp\/v2\/media?parent=10165"}],"curies":[{"name":"wp","href":"https:\/\/api.w.org\/{rel}","templated":true}]}}